{"id":4097,"date":"2025-09-30T13:42:21","date_gmt":"2025-09-30T11:42:21","guid":{"rendered":"http:\/\/altisk-szederkeny.edu.hu\/weboldal\/?page_id=4097"},"modified":"2025-09-30T13:42:21","modified_gmt":"2025-09-30T11:42:21","slug":"esemenynaptar","status":"publish","type":"page","link":"http:\/\/altisk-szederkeny.edu.hu\/weboldal\/?page_id=4097","title":{"rendered":"Esem\u00e9nynapt\u00e1r"},"content":{"rendered":"\n\n\n<figure class=\"wp-block-table\"><table><thead><tr><th>Esem\u00e9ny<\/th><th>Id\u0151pont<\/th><th>Felel\u0151s<\/th><\/tr><\/thead><tbody><tr><td><strong>augusztus:<\/strong><\/td><td><strong>&nbsp;<\/strong><\/td><td><strong>&nbsp;<\/strong><\/td><\/tr><tr><td>alakul\u00f3 \u00fcl\u00e9s<\/td><td>2025.08.21.<\/td><td>igazgat\u00f3<\/td><\/tr><tr><td>Tan\u00e9v el\u0151k\u00e9sz\u00edt\u0151 teend\u0151i<\/td><td>2024. aug. 21-29<\/td><td>tantest\u00fclet<\/td><\/tr><tr><td>tan\u00e9vnyit\u00f3 \u00e9rtekezlet<\/td><td>205. 08. 29.<\/td><td>igazgat\u00f3 &nbsp;<\/td><\/tr><tr><td>Tanszeroszt\u00e1s<\/td><td>&nbsp;08. 30.<\/td><td>igazgat\u00f3 helyettes<\/td><\/tr><tr><td><strong>szeptember:<\/strong><\/td><td>&nbsp;<\/td><td>&nbsp;<\/td><\/tr><tr><td>Tan\u00e9vnyit\u00f3 \u00fcnnep\u00e9ly<\/td><td>szeptember 1.<\/td><td>3.oszt\u00e1ly, Zsebe G\u00e1born\u00e9<\/td><\/tr><tr><td>sz\u00fcl\u0151i \u00e9rtekezletek<\/td><td>09.01-19<\/td><td>oszt\u00e1lyf\u0151n\u00f6k\u00f6k<\/td><\/tr><tr><td>bring\u00e1s reggeli<\/td><td>2025. 09.16.<\/td><td>oszt\u00e1lyf\u0151n\u00f6k\u00f6k<\/td><\/tr><tr><td>nevel\u0151test\u00fcleti \u00e9rtekezlet<\/td><td>205. 09. 25.<\/td><td>igazgat\u00f3<\/td><\/tr><tr><td>Magyar Di\u00e1ksport napja<\/td><td>2025. 09.26.<\/td><td>testnevel\u00e9s szakos pedag\u00f3gusok<\/td><\/tr><tr><td>n\u00e9pmese napja<\/td><td>2025. 09.30.<\/td><td>K\u00e1llai Csilla, Bed\u0151 Ilona<\/td><\/tr><tr><td><strong>okt\u00f3ber<\/strong><\/td><td>&nbsp;<\/td><td>&nbsp;<\/td><\/tr><tr><td>sz\u00e1j\u00e1pol\u00e1s t\u00e9manap az als\u00f3 tagozaton<\/td><td>okt\u00f3ber 8.<\/td><td>Fischer N\u00f3ra<\/td><\/tr><tr><td>aradi v\u00e9rtan\u00fak eml\u00e9klapja<\/td><td>10.06.<\/td><td>Bed\u0151 Ilona<\/td><\/tr><tr><td>Tan\u00edt\u00e1s n\u00e9lk\u00fcli munkanap: Hospit\u00e1l\u00e1s \u00dajpetr\u00e9n<\/td><td>2025.10.15.<\/td><td>igazgat\u00f3<\/td><\/tr><tr><td>LEP program, p\u00e1lyav\u00e1laszt\u00e1si ki\u00e1ll\u00edt\u00e1s Moh\u00e1cs<\/td><td>2025.10.17.<\/td><td>Marosekn\u00e9 Fodor Judit<\/td><\/tr><tr><td>tan\u00edt\u00e1s n\u00e9lk\u00fcli munkanap<\/td><td>2025.10.18.<\/td><td>igazgat\u00f3<\/td><\/tr><tr><td>okt\u00f3ber 23. eml\u00e9k fut\u00e1s<\/td><td>10.22.<\/td><td>testnevel\u00e9s szakos pedag\u00f3gusok<\/td><\/tr><tr><td>\u0151szi sz\u00fcnet<\/td><td>2025. 10.24-31.<\/td><td>igazgat\u00f3<\/td><\/tr><tr><td>id\u0151sek napja m\u0171sor<\/td><td>10.09<\/td><td>Papula Ir\u00e9n<\/td><\/tr><tr><td>edia m\u00e9r\u00e9s az 1. oszt\u00e1lyban<\/td><td>okt\u00f3ber 20-ig<\/td><td>Pfeil G\u00e1bor<\/td><\/tr><tr><td><strong>november<\/strong><\/td><td>&nbsp;<\/td><td>&nbsp;<\/td><\/tr><tr><td>sz\u00fcl\u0151i f\u00f3rum<\/td><td>2025. 11.12.<\/td><td>G\u00f6bel Andrea<\/td><\/tr><tr><td>munka\u00e9rtekezlet, fogad\u00f3 \u00f3ra<\/td><td>2025, 11. 20.<\/td><td>igazgat\u00f3<\/td><\/tr><tr><td><strong>december<\/strong><\/td><td>&nbsp;<\/td><td>&nbsp;<\/td><\/tr><tr><td>difer m\u00e9r\u00e9s<\/td><td>12.09-ig<\/td><td>Pfeil G\u00e1bor<\/td><\/tr><tr><td>Mikul\u00e1s napi tead\u00e9lut\u00e1nok<\/td><td>12.06.<\/td><td>oszt\u00e1lyf\u0151n\u00f6k\u00f6k<\/td><\/tr><tr><td>Adventi rendezv\u00e9ny a kult\u00farh\u00e1zban<\/td><td>dec. 6.<\/td><td>iskola k\u00f6z\u00f6ss\u00e9ge<\/td><\/tr><tr><td>Mikul\u00e1s kupa<\/td><td>12.05.<\/td><td>testnevel\u00e9s szakos pedag\u00f3gusok<\/td><\/tr><tr><td>\u00c1dventi gyertyagy\u00fajt\u00e1s<\/td><td>nov. 28, dec. 5. 12.19<\/td><td>Orb\u00e1n Tibor<\/td><\/tr><tr><td>flasmoob a faluban<\/td><td>dec. 19.<\/td><td>Orb\u00e1n Tibor<\/td><\/tr><tr><td>Kar\u00e1csony t\u00e9manap<\/td><td>12.19.<\/td><td>igazgat\u00f3, oszt\u00e1lyf\u0151n\u00f6k\u00f6k<\/td><\/tr><tr><td>t\u00e9li sz\u00fcnet<\/td><td>2025.12.20-2026. 01.04.<\/td><td>igazgat\u00f3<\/td><\/tr><tr><td><strong>janu\u00e1r<\/strong><\/td><td>&nbsp;<\/td><td>&nbsp;<\/td><\/tr><tr><td>Tan\u00edt\u00e1s n\u00e9lk\u00fcli munkanap: bels\u0151 m\u0171helymunka<\/td><td>2026. 01.10.<\/td><td>igazgat\u00f3<\/td><\/tr><tr><td>oszt\u00e1lyoz\u00f3 \u00e9rtekezlet, 1. f\u00e9l\u00e9v v\u00e9ge<\/td><td>01.23.<\/td><td>igazgat\u00f3<\/td><\/tr><tr><td>k\u00f6z\u00e9piskolai k\u00f6zponti \u00edr\u00e1sbeli vizsg\u00e1k<\/td><td>01.24.<\/td><td>Marosekn\u00e9 Fodor Judit<\/td><\/tr><tr><td>f\u00e9l\u00e9vi \u00e9rtes\u00edt\u0151 oszt\u00e1sa<\/td><td>01.30.<\/td><td>oszt\u00e1lyf\u0151n\u00f6k\u00f6k<\/td><\/tr><tr><td><strong>febru\u00e1r<\/strong><\/td><td>&nbsp;<\/td><td>&nbsp;<\/td><\/tr><tr><td>f\u00e9l\u00e9vz\u00e1r\u00f3 \u00e9rtekezlet<\/td><td>02. 05.<\/td><td>igazgat\u00f3<\/td><\/tr><tr><td>f\u00e9l\u00e9vi sz\u00fcl\u0151i \u00e9rtekezletek<\/td><td>02.02-ai h\u00e9ten.<\/td><td>igazgat\u00f3, of\u0151k.<\/td><\/tr><tr><td>farsang<\/td><td>2026. 02.12.<\/td><td>V\u00e1radi Rita<\/td><\/tr><tr><td><strong>m\u00e1rcius<\/strong><\/td><td>&nbsp;<\/td><td>&nbsp;<\/td><\/tr><tr><td>p\u00e9nz 7<\/td><td>m\u00e1rcius 2-6<\/td><td>tantest\u00fclet<\/td><\/tr><tr><td>ny\u00edlt nap<\/td><td>03.16. 17.<\/td><td>tantest\u00fclet<\/td><\/tr><tr><td>m\u00e1rcius 15. \u00fcnnep\u00e9ly<\/td><td>2026.03.13.<\/td><td>Orb\u00e1n Tibor<\/td><\/tr><tr><td>k\u00f6nyvt\u00e1ri vet\u00e9lked\u0151<\/td><td>03.31.<\/td><td>K\u00f6ves Gabriella<\/td><\/tr><tr><td><strong>\u00e1prilis<\/strong><\/td><td>&nbsp;<\/td><td>&nbsp;<\/td><\/tr><tr><td>versmond\u00f3 verseny<\/td><td>04.16.<\/td><td>&nbsp;<\/td><\/tr><tr><td>tavaszi sz\u00fcnet<\/td><td>2026.04.02-12.<\/td><td>igazgat\u00f3<\/td><\/tr><tr><td>1. oszt\u00e1ly beiratkoz\u00e1sa<\/td><td>04.10.11.<\/td><td>iskolatitk\u00e1r, igazgat\u00f3<\/td><\/tr><tr><td>munka\u00e9rtekezlet, fogad\u00f3\u00f3ra<\/td><td>04.16.<\/td><td>igazgat\u00f3<\/td><\/tr><tr><td>Trahttag<\/td><td>04.30.<\/td><td>G\u00f6bel Andrea<\/td><\/tr><tr><td><strong>m\u00e1jus<\/strong><\/td><td>&nbsp;<\/td><td>&nbsp;<\/td><\/tr><tr><td>any\u00e1k napja<\/td><td>els\u0151 hete<\/td><td>of\u0151k.<\/td><\/tr><tr><td>D\u00d6K nap<\/td><td>05.17.<\/td><td>D\u00d6K<\/td><\/tr><tr><td><strong>j\u00fanius<\/strong><\/td><td>&nbsp;<\/td><td>&nbsp;<\/td><\/tr><tr><td>tan\u00edt\u00e1s n\u00e9lk\u00fcli munkanap<\/td><td>06.08.<\/td><td>igazgat\u00f3<\/td><\/tr><tr><td>oszt\u00e1lyoz\u00f3 \u00e9rtekezlet<\/td><td>2025. 06.19.<\/td><td>igazgat\u00f3<\/td><\/tr><tr><td>ballag\u00e1s<\/td><td>2026. 06.20.<\/td><td>Marosekn\u00e9 F. J, Orb\u00e1n T..<\/td><\/tr><tr><td>tan\u00e9vz\u00e1r\u00f3 \u00fcnnep\u00e9ly<\/td><td>2025. 06.23.<\/td><td>Gyenis Martin<\/td><\/tr><tr><td>tan\u00e9vz\u00e1r\u00f3 \u00e9rtekezlet<\/td><td>2026.06.30.<\/td><td>igazgat\u00f3<\/td><\/tr><\/tbody><\/table><\/figure>\n","protected":false},"excerpt":{"rendered":"<p>Esem\u00e9ny Id\u0151pont Felel\u0151s augusztus: &nbsp; &nbsp; alakul\u00f3 \u00fcl\u00e9s 2025.08.21. igazgat\u00f3 Tan\u00e9v el\u0151k\u00e9sz\u00edt\u0151 teend\u0151i 2024. aug. 21-29 tantest\u00fclet tan\u00e9vnyit\u00f3 \u00e9rtekezlet 205. 08. 29. igazgat\u00f3 &nbsp; Tanszeroszt\u00e1s &nbsp;08. 30. igazgat\u00f3 helyettes szeptember: &nbsp; &nbsp; Tan\u00e9vnyit\u00f3 \u00fcnnep\u00e9ly szeptember 1. 3.oszt\u00e1ly, Zsebe G\u00e1born\u00e9 sz\u00fcl\u0151i \u00e9rtekezletek 09.01-19 oszt\u00e1lyf\u0151n\u00f6k\u00f6k bring\u00e1s reggeli 2025. 09.16. oszt\u00e1lyf\u0151n\u00f6k\u00f6k nevel\u0151test\u00fcleti \u00e9rtekezlet \u2026 <a class=\"continue-reading-link\" href=\"http:\/\/altisk-szederkeny.edu.hu\/weboldal\/?page_id=4097\"> Continue reading <span class=\"meta-nav\">&rarr; <\/span><\/a><\/p>\n","protected":false},"author":1,"featured_media":0,"parent":0,"menu_order":0,"comment_status":"closed","ping_status":"closed","template":"","meta":{"ngg_post_thumbnail":0},"_links":{"self":[{"href":"http:\/\/altisk-szederkeny.edu.hu\/weboldal\/index.php?rest_route=\/wp\/v2\/pages\/4097"}],"collection":[{"href":"http:\/\/altisk-szederkeny.edu.hu\/weboldal\/index.php?rest_route=\/wp\/v2\/pages"}],"about":[{"href":"http:\/\/altisk-szederkeny.edu.hu\/weboldal\/index.php?rest_route=\/wp\/v2\/types\/page"}],"author":[{"embeddable":true,"href":"http:\/\/altisk-szederkeny.edu.hu\/weboldal\/index.php?rest_route=\/wp\/v2\/users\/1"}],"replies":[{"embeddable":true,"href":"http:\/\/altisk-szederkeny.edu.hu\/weboldal\/index.php?rest_route=%2Fwp%2Fv2%2Fcomments&post=4097"}],"version-history":[{"count":1,"href":"http:\/\/altisk-szederkeny.edu.hu\/weboldal\/index.php?rest_route=\/wp\/v2\/pages\/4097\/revisions"}],"predecessor-version":[{"id":4098,"href":"http:\/\/altisk-szederkeny.edu.hu\/weboldal\/index.php?rest_route=\/wp\/v2\/pages\/4097\/revisions\/4098"}],"wp:attachment":[{"href":"http:\/\/altisk-szederkeny.edu.hu\/weboldal\/index.php?rest_route=%2Fwp%2Fv2%2Fmedia&parent=4097"}],"curies":[{"name":"wp","href":"https:\/\/api.w.org\/{rel}","templated":true}]}}