{"id":3275,"date":"2022-12-09T11:47:15","date_gmt":"2022-12-09T10:47:15","guid":{"rendered":"http:\/\/altisk-szederkeny.edu.hu\/weboldal\/?page_id=3275"},"modified":"2023-02-23T13:00:41","modified_gmt":"2023-02-23T12:00:41","slug":"2022-2023-as-tanev","status":"publish","type":"page","link":"http:\/\/altisk-szederkeny.edu.hu\/weboldal\/?page_id=3275","title":{"rendered":"2022\/2023-as tan\u00e9v"},"content":{"rendered":"\n<div class=\"ngg-albumoverview default-view\">\n            <div class=\"ngg-album-compact\">\n            <div class=\"ngg-album-compactbox\">\n                <div class=\"ngg-album-link\">\n                                                                <a title='&quot;\u0150rizz\u00fck a m\u00faltat&quot; ki\u00e1ll\u00edt\u00e1s'\n                       href='http:\/\/altisk-szederkeny.edu.hu\/weboldal\/index.php\/nggallery\/2022-2023-as-tanev\/orizzuk-a-multat-kiallitas?page_id=3275'>\n                            <img class=\"Thumb\"\n                                 alt=\"&quot;\u0150rizz\u00fck a m\u00faltat&quot; ki\u00e1ll\u00edt\u00e1s\"\n                                 src=\"http:\/\/altisk-szederkeny.edu.hu\/weboldal\/wp-content\/gallery\/orizzuk-a-multat-kiallitas\/cache\/346109281_952982979228239_2979909807722437676_n.jpg-nggid041271-ngg0dyn-240x160x100-00f0w010c011r110f110r010t010.jpg\"\/>\n                        <\/a>\n                                                        <\/div>\n            <\/div>\n                        <h4>\n                <a class='ngg-album-desc' title='&quot;\u0150rizz\u00fck a m\u00faltat&quot; ki\u00e1ll\u00edt\u00e1s'\n                       href='http:\/\/altisk-szederkeny.edu.hu\/weboldal\/index.php\/nggallery\/2022-2023-as-tanev\/orizzuk-a-multat-kiallitas?page_id=3275'style=\"max-width: 260px\">\"\u0150rizz\u00fck a m\u00faltat\" ki\u00e1ll\u00edt\u00e1s<\/a>\n            <\/h4>\n            <p class=\"ngg-album-gallery-image-counter\">\n                                    <strong>26<\/strong>&nbsp;F\u00e9nyk\u00e9p                            <\/p>\n        <\/div>\n            <div class=\"ngg-album-compact\">\n            <div class=\"ngg-album-compactbox\">\n                <div class=\"ngg-album-link\">\n                                                                <a title='&quot;MAGYAR FALU PROGRAM&quot;  \u00e1tad\u00f3 \u00fcnneps\u00e9ge'\n                       href='http:\/\/altisk-szederkeny.edu.hu\/weboldal\/index.php\/nggallery\/2022-2023-as-tanev\/magyar-falu-program-atado-unnepsege?page_id=3275'>\n                            <img class=\"Thumb\"\n                                 alt=\"&quot;MAGYAR FALU PROGRAM&quot;  \u00e1tad\u00f3 \u00fcnneps\u00e9ge\"\n                                 src=\"http:\/\/altisk-szederkeny.edu.hu\/weboldal\/wp-content\/gallery\/magyar-falu-program-atado-unnepsege\/cache\/345636327_1433338927466106_7273487536091266293_n.jpg-nggid041299-ngg0dyn-240x160x100-00f0w010c011r110f110r010t010.jpg\"\/>\n                        <\/a>\n                                                        <\/div>\n            <\/div>\n                        <h4>\n                <a class='ngg-album-desc' title='&quot;MAGYAR FALU PROGRAM&quot;  \u00e1tad\u00f3 \u00fcnneps\u00e9ge'\n                       href='http:\/\/altisk-szederkeny.edu.hu\/weboldal\/index.php\/nggallery\/2022-2023-as-tanev\/magyar-falu-program-atado-unnepsege?page_id=3275'style=\"max-width: 260px\">\"MAGYAR FALU PROGRAM\"  \u00e1tad\u00f3 \u00fcnneps\u00e9ge<\/a>\n            <\/h4>\n            <p class=\"ngg-album-gallery-image-counter\">\n                                    <strong>8<\/strong>&nbsp;F\u00e9nyk\u00e9p                            <\/p>\n        <\/div>\n            <div class=\"ngg-album-compact\">\n            <div class=\"ngg-album-compactbox\">\n                <div class=\"ngg-album-link\">\n                                                                <a title='N\u00e9met n\u00e9pdal\u00e9nekl\u00e9si verseny'\n                       href='http:\/\/altisk-szederkeny.edu.hu\/weboldal\/index.php\/nggallery\/2022-2023-as-tanev\/nemet-nepdaleneklesi-verseny?page_id=3275'>\n                            <img class=\"Thumb\"\n                                 alt=\"N\u00e9met n\u00e9pdal\u00e9nekl\u00e9si verseny\"\n                                 src=\"http:\/\/altisk-szederkeny.edu.hu\/weboldal\/wp-content\/gallery\/nemet-nepdaleneklesi-verseny\/cache\/received_1180326146013906.jpeg-nggid041268-ngg0dyn-240x160x100-00f0w010c011r110f110r010t010.jpeg\"\/>\n                        <\/a>\n                                                        <\/div>\n            <\/div>\n                        <h4>\n                <a class='ngg-album-desc' title='N\u00e9met n\u00e9pdal\u00e9nekl\u00e9si verseny'\n                       href='http:\/\/altisk-szederkeny.edu.hu\/weboldal\/index.php\/nggallery\/2022-2023-as-tanev\/nemet-nepdaleneklesi-verseny?page_id=3275'style=\"max-width: 260px\">N\u00e9met n\u00e9pdal\u00e9nekl\u00e9si verseny<\/a>\n            <\/h4>\n            <p class=\"ngg-album-gallery-image-counter\">\n                                    <strong>2<\/strong>&nbsp;F\u00e9nyk\u00e9p                            <\/p>\n        <\/div>\n            <div class=\"ngg-album-compact\">\n            <div class=\"ngg-album-compactbox\">\n                <div class=\"ngg-album-link\">\n                                                                <a title='Farsang 2023'\n                       href='http:\/\/altisk-szederkeny.edu.hu\/weboldal\/index.php\/nggallery\/2022-2023-as-tanev\/farsang-2023?page_id=3275'>\n                            <img class=\"Thumb\"\n                                 alt=\"Farsang 2023\"\n                                 src=\"http:\/\/altisk-szederkeny.edu.hu\/weboldal\/wp-content\/gallery\/farsang-2023\/cache\/IMG_0074.JPG-nggid041202-ngg0dyn-240x160x100-00f0w010c011r110f110r010t010.JPG\"\/>\n                        <\/a>\n                                                        <\/div>\n            <\/div>\n                        <h4>\n                <a class='ngg-album-desc' title='Farsang 2023'\n                       href='http:\/\/altisk-szederkeny.edu.hu\/weboldal\/index.php\/nggallery\/2022-2023-as-tanev\/farsang-2023?page_id=3275'style=\"max-width: 260px\">Farsang 2023<\/a>\n            <\/h4>\n            <p class=\"ngg-album-gallery-image-counter\">\n                                    <strong>70<\/strong>&nbsp;F\u00e9nyk\u00e9p                            <\/p>\n        <\/div>\n            <div class=\"ngg-album-compact\">\n            <div class=\"ngg-album-compactbox\">\n                <div class=\"ngg-album-link\">\n                                                                <a title='AKIKRE B\u00dcSZK\u00c9K VAGYUNK 2022\/23'\n                       href='http:\/\/altisk-szederkeny.edu.hu\/weboldal\/index.php\/nggallery\/2022-2023-as-tanev\/akikre-buszkek-vagyunk-2022-23?page_id=3275'>\n                            <img class=\"Thumb\"\n                                 alt=\"AKIKRE B\u00dcSZK\u00c9K VAGYUNK 2022\/23\"\n                                 src=\"http:\/\/altisk-szederkeny.edu.hu\/weboldal\/wp-content\/gallery\/akikre-buszkek-vagyunk-2022-23\/cache\/IMG_20221207_115655_1.jpg-nggid041196-ngg0dyn-240x160x100-00f0w010c011r110f110r010t010.jpg\"\/>\n                        <\/a>\n                                                        <\/div>\n            <\/div>\n                        <h4>\n                <a class='ngg-album-desc' title='AKIKRE B\u00dcSZK\u00c9K VAGYUNK 2022\/23'\n                       href='http:\/\/altisk-szederkeny.edu.hu\/weboldal\/index.php\/nggallery\/2022-2023-as-tanev\/akikre-buszkek-vagyunk-2022-23?page_id=3275'style=\"max-width: 260px\">AKIKRE B\u00dcSZK\u00c9K VAGYUNK 2022\/23<\/a>\n            <\/h4>\n            <p class=\"ngg-album-gallery-image-counter\">\n                                    <strong>9<\/strong>&nbsp;F\u00e9nyk\u00e9p                            <\/p>\n        <\/div>\n        <br class=\"ngg-clear\"\/>\n    <div class='ngg-clear'><\/div><\/div>\n\n","protected":false},"excerpt":{"rendered":"","protected":false},"author":1,"featured_media":0,"parent":0,"menu_order":0,"comment_status":"closed","ping_status":"closed","template":"","meta":{"ngg_post_thumbnail":0},"_links":{"self":[{"href":"http:\/\/altisk-szederkeny.edu.hu\/weboldal\/index.php?rest_route=\/wp\/v2\/pages\/3275"}],"collection":[{"href":"http:\/\/altisk-szederkeny.edu.hu\/weboldal\/index.php?rest_route=\/wp\/v2\/pages"}],"about":[{"href":"http:\/\/altisk-szederkeny.edu.hu\/weboldal\/index.php?rest_route=\/wp\/v2\/types\/page"}],"author":[{"embeddable":true,"href":"http:\/\/altisk-szederkeny.edu.hu\/weboldal\/index.php?rest_route=\/wp\/v2\/users\/1"}],"replies":[{"embeddable":true,"href":"http:\/\/altisk-szederkeny.edu.hu\/weboldal\/index.php?rest_route=%2Fwp%2Fv2%2Fcomments&post=3275"}],"version-history":[{"count":3,"href":"http:\/\/altisk-szederkeny.edu.hu\/weboldal\/index.php?rest_route=\/wp\/v2\/pages\/3275\/revisions"}],"predecessor-version":[{"id":3389,"href":"http:\/\/altisk-szederkeny.edu.hu\/weboldal\/index.php?rest_route=\/wp\/v2\/pages\/3275\/revisions\/3389"}],"wp:attachment":[{"href":"http:\/\/altisk-szederkeny.edu.hu\/weboldal\/index.php?rest_route=%2Fwp%2Fv2%2Fmedia&parent=3275"}],"curies":[{"name":"wp","href":"https:\/\/api.w.org\/{rel}","templated":true}]}}