{"id":3258,"date":"2022-12-02T13:11:31","date_gmt":"2022-12-02T12:11:31","guid":{"rendered":"http:\/\/altisk-szederkeny.edu.hu\/weboldal\/?page_id=3258"},"modified":"2023-05-19T09:44:28","modified_gmt":"2023-05-19T07:44:28","slug":"palyazatok","status":"publish","type":"page","link":"http:\/\/altisk-szederkeny.edu.hu\/weboldal\/?page_id=3258","title":{"rendered":"P\u00e1ly\u00e1zatok"},"content":{"rendered":"\n<figure class=\"wp-block-image size-medium\"><a href=\"http:\/\/altisk-szederkeny.edu.hu\/weboldal\/wp-content\/uploads\/2023_05_19-9_26-Office-Lens-scaled.jpg\"><img decoding=\"async\" loading=\"lazy\" width=\"200\" height=\"300\" src=\"http:\/\/altisk-szederkeny.edu.hu\/weboldal\/wp-content\/uploads\/2023_05_19-9_26-Office-Lens-200x300.jpg\" alt=\"\" class=\"wp-image-3454\" srcset=\"http:\/\/altisk-szederkeny.edu.hu\/weboldal\/wp-content\/uploads\/2023_05_19-9_26-Office-Lens-200x300.jpg 200w, http:\/\/altisk-szederkeny.edu.hu\/weboldal\/wp-content\/uploads\/2023_05_19-9_26-Office-Lens-683x1024.jpg 683w, http:\/\/altisk-szederkeny.edu.hu\/weboldal\/wp-content\/uploads\/2023_05_19-9_26-Office-Lens-768x1151.jpg 768w, http:\/\/altisk-szederkeny.edu.hu\/weboldal\/wp-content\/uploads\/2023_05_19-9_26-Office-Lens-600x899.jpg 600w, http:\/\/altisk-szederkeny.edu.hu\/weboldal\/wp-content\/uploads\/2023_05_19-9_26-Office-Lens-1025x1536.jpg 1025w, http:\/\/altisk-szederkeny.edu.hu\/weboldal\/wp-content\/uploads\/2023_05_19-9_26-Office-Lens-1367x2048.jpg 1367w, http:\/\/altisk-szederkeny.edu.hu\/weboldal\/wp-content\/uploads\/2023_05_19-9_26-Office-Lens-100x150.jpg 100w, http:\/\/altisk-szederkeny.edu.hu\/weboldal\/wp-content\/uploads\/2023_05_19-9_26-Office-Lens-scaled.jpg 1708w\" sizes=\"(max-width: 200px) 100vw, 200px\" \/><\/a><\/figure>\n\n\n\n<hr class=\"wp-block-separator has-alpha-channel-opacity is-style-wide\"\/>\n\n\n\n<h1 style=\"text-align: center;\">Sikeres p\u00e1ly\u00e1zat<\/h1>\n<h2 style=\"text-align: center;\"><img decoding=\"async\" loading=\"lazy\" class=\"aligncenter size-full wp-image-81\" src=\"http:\/\/sulixerver\/weboldal\/wp-content\/uploads\/NKA_logo_2012_RGB.jpg\" alt=\"\" width=\"554\" height=\"234\" srcset=\"http:\/\/altisk-szederkeny.edu.hu\/weboldal\/wp-content\/uploads\/NKA_logo_2012_RGB.jpg 554w, http:\/\/altisk-szederkeny.edu.hu\/weboldal\/wp-content\/uploads\/NKA_logo_2012_RGB-300x127.jpg 300w, http:\/\/altisk-szederkeny.edu.hu\/weboldal\/wp-content\/uploads\/NKA_logo_2012_RGB-250x106.jpg 250w, http:\/\/altisk-szederkeny.edu.hu\/weboldal\/wp-content\/uploads\/NKA_logo_2012_RGB-150x63.jpg 150w\" sizes=\"(max-width: 554px) 100vw, 554px\" \/><\/h2>\n<h2><a href=\"http:\/\/www.nka.hu\"><span style=\"font-size: 18pt;\">www.nka.hu<\/span><\/a><\/h2>\n<h2 style=\"text-align: center;\">Az NKA miniszteri keret\u00e9re beny\u00fajtott \u00daJ ISKOLAI K\u00d3RUSOK ALAP\u00cdT\u00c1S\u00c1RA c\u00e9l\u00fa p\u00e1ly\u00e1zaton Balog Zolt\u00e1n miniszter \u00far d\u00f6nt\u00e9se alapj\u00e1n 200.000 Ft t\u00e1mogat\u00e1st \u00edt\u00e9lt meg a Szederk\u00e9nyi iskola jav\u00e1ra.<\/h2>\n<h3 style=\"text-align: right;\">Beck L\u00e1szl\u00f3 int\u00e9zm\u00e9nyvezet\u0151<\/h3>\n<h2 style=\"text-align: center;\"><img class=\"aligncenter size-full wp-image-73\"><img decoding=\"async\" loading=\"lazy\" class=\"aligncenter size-full wp-image-73\" src=\"http:\/\/altisk-szederkeny.sulinet.hu\/weboldal\/wp-content\/uploads\/elvalaszto.png\" alt=\"\" width=\"1024\" height=\"71\" srcset=\"http:\/\/altisk-szederkeny.edu.hu\/weboldal\/wp-content\/uploads\/elvalaszto.png 1024w, http:\/\/altisk-szederkeny.edu.hu\/weboldal\/wp-content\/uploads\/elvalaszto-300x21.png 300w, http:\/\/altisk-szederkeny.edu.hu\/weboldal\/wp-content\/uploads\/elvalaszto-768x53.png 768w, http:\/\/altisk-szederkeny.edu.hu\/weboldal\/wp-content\/uploads\/elvalaszto-250x17.png 250w, http:\/\/altisk-szederkeny.edu.hu\/weboldal\/wp-content\/uploads\/elvalaszto-150x10.png 150w\" sizes=\"(max-width: 1024px) 100vw, 1024px\" \/><\/h2>\n<p>&nbsp;<\/p>\n<table class=\" aligncenter\" style=\"border: 5px double; border-collapse: separate; border-spacing: 2px;\" cellspacing=\"2\">\n<tbody>\n<tr>\n<td style=\"text-align: center; vertical-align: middle;\"><img decoding=\"async\" loading=\"lazy\" class=\"aligncenter wp-image-247\" src=\"http:\/\/altisk-szederkeny.sulinet.hu\/weboldal\/wp-content\/uploads\/emmi_logo-300x205.png\" alt=\"\" width=\"300\" height=\"205\" srcset=\"http:\/\/altisk-szederkeny.edu.hu\/weboldal\/wp-content\/uploads\/emmi_logo-300x205.png 300w, http:\/\/altisk-szederkeny.edu.hu\/weboldal\/wp-content\/uploads\/emmi_logo-220x150.png 220w, http:\/\/altisk-szederkeny.edu.hu\/weboldal\/wp-content\/uploads\/emmi_logo-150x102.png 150w, http:\/\/altisk-szederkeny.edu.hu\/weboldal\/wp-content\/uploads\/emmi_logo.png 567w\" sizes=\"(max-width: 300px) 100vw, 300px\" \/><\/td>\n<td style=\"text-align: center; vertical-align: middle;\"><img decoding=\"async\" loading=\"lazy\" class=\"aligncenter wp-image-248\" src=\"http:\/\/altisk-szederkeny.sulinet.hu\/weboldal\/wp-content\/uploads\/ofi_logo_alap_fekvo.jpg\" alt=\"\" width=\"300\" height=\"119\" srcset=\"http:\/\/altisk-szederkeny.edu.hu\/weboldal\/wp-content\/uploads\/ofi_logo_alap_fekvo.jpg 673w, http:\/\/altisk-szederkeny.edu.hu\/weboldal\/wp-content\/uploads\/ofi_logo_alap_fekvo-300x119.jpg 300w, http:\/\/altisk-szederkeny.edu.hu\/weboldal\/wp-content\/uploads\/ofi_logo_alap_fekvo-250x99.jpg 250w, http:\/\/altisk-szederkeny.edu.hu\/weboldal\/wp-content\/uploads\/ofi_logo_alap_fekvo-150x59.jpg 150w\" sizes=\"(max-width: 300px) 100vw, 300px\" \/><\/td>\n<\/tr>\n<tr>\n<td style=\"text-align: center; vertical-align: middle;\"><img decoding=\"async\" loading=\"lazy\" class=\"aligncenter wp-image-249\" src=\"http:\/\/altisk-szederkeny.sulinet.hu\/weboldal\/wp-content\/uploads\/emet_logo_szines-300x103.jpg\" alt=\"\" width=\"300\" height=\"103\" srcset=\"http:\/\/altisk-szederkeny.edu.hu\/weboldal\/wp-content\/uploads\/emet_logo_szines-300x103.jpg 300w, http:\/\/altisk-szederkeny.edu.hu\/weboldal\/wp-content\/uploads\/emet_logo_szines-768x264.jpg 768w, http:\/\/altisk-szederkeny.edu.hu\/weboldal\/wp-content\/uploads\/emet_logo_szines-1024x352.jpg 1024w, http:\/\/altisk-szederkeny.edu.hu\/weboldal\/wp-content\/uploads\/emet_logo_szines-250x86.jpg 250w, http:\/\/altisk-szederkeny.edu.hu\/weboldal\/wp-content\/uploads\/emet_logo_szines-150x52.jpg 150w, http:\/\/altisk-szederkeny.edu.hu\/weboldal\/wp-content\/uploads\/emet_logo_szines.jpg 1112w\" sizes=\"(max-width: 300px) 100vw, 300px\" \/><\/td>\n<td style=\"text-align: center; vertical-align: middle;\"><img decoding=\"async\" loading=\"lazy\" class=\"aligncenter wp-image-250\" src=\"http:\/\/altisk-szederkeny.sulinet.hu\/weboldal\/wp-content\/uploads\/ntp_72_rgb.jpg\" alt=\"\" width=\"300\" height=\"75\" srcset=\"http:\/\/altisk-szederkeny.edu.hu\/weboldal\/wp-content\/uploads\/ntp_72_rgb.jpg 299w, http:\/\/altisk-szederkeny.edu.hu\/weboldal\/wp-content\/uploads\/ntp_72_rgb-250x63.jpg 250w, http:\/\/altisk-szederkeny.edu.hu\/weboldal\/wp-content\/uploads\/ntp_72_rgb-150x38.jpg 150w\" sizes=\"(max-width: 300px) 100vw, 300px\" \/><\/td>\n<\/tr>\n<\/tbody>\n<\/table>\n<h2 style=\"text-align: center;\">A k\u00f6vetkez\u0151 linkeken megtekinthet\u0151 az NTP Lipt\u00f3di T\u00e1borr\u00f3l k\u00e9sz\u00fclt vide\u00f3 \u00f6ssze\u00e1ll\u00edt\u00e1s \u00e9s a szakmai besz\u00e1mol\u00f3:<\/h2>\n<h2 style=\"text-align: center;\"><a href=\"https:\/\/www.youtube.com\/watch?v=8nuYMldufVA\">Tov\u00e1bb a vide\u00f3hoz&#8230;<\/a><\/h2>\n<h2 style=\"text-align: center;\"><a href=\"http:\/\/altisk-szederkeny.sulinet.hu\/weboldal\/wp-content\/uploads\/honlap_szakmai_onert.pdf\">Szakmai besz\u00e1mol\u00f3<\/a><\/h2>\n<h2 style=\"text-align: center;\"><img decoding=\"async\" loading=\"lazy\" class=\"aligncenter size-large wp-image-73\" src=\"http:\/\/altisk-szederkeny.sulinet.hu\/weboldal\/wp-content\/uploads\/elvalaszto-1024x71.png\" alt=\"\" width=\"760\" height=\"53\" srcset=\"http:\/\/altisk-szederkeny.edu.hu\/weboldal\/wp-content\/uploads\/elvalaszto.png 1024w, http:\/\/altisk-szederkeny.edu.hu\/weboldal\/wp-content\/uploads\/elvalaszto-300x21.png 300w, http:\/\/altisk-szederkeny.edu.hu\/weboldal\/wp-content\/uploads\/elvalaszto-768x53.png 768w, http:\/\/altisk-szederkeny.edu.hu\/weboldal\/wp-content\/uploads\/elvalaszto-250x17.png 250w, http:\/\/altisk-szederkeny.edu.hu\/weboldal\/wp-content\/uploads\/elvalaszto-150x10.png 150w\" sizes=\"(max-width: 760px) 100vw, 760px\" \/>A Nemzeti Tehets\u00e9g Program keret\u00e9n bel\u00fcl iskol\u00e1nk sikeresen p\u00e1ly\u00e1zott. A program m\u00e1jus 11-14. k\u00f6z\u00f6tt lesz megtartva, Lipt\u00f3don az \u00e9nekkarosok r\u00e9szv\u00e9tel\u00e9vel.<\/h2>\n<h3 style=\"text-align: right;\">Beck L\u00e1szl\u00f3 int\u00e9zm\u00e9nyvezet\u0151<\/h3>\n","protected":false},"excerpt":{"rendered":"<p>Sikeres p\u00e1ly\u00e1zat www.nka.hu Az NKA miniszteri keret\u00e9re beny\u00fajtott \u00daJ ISKOLAI K\u00d3RUSOK ALAP\u00cdT\u00c1S\u00c1RA c\u00e9l\u00fa p\u00e1ly\u00e1zaton Balog Zolt\u00e1n miniszter \u00far d\u00f6nt\u00e9se alapj\u00e1n 200.000 Ft t\u00e1mogat\u00e1st \u00edt\u00e9lt meg a Szederk\u00e9nyi iskola jav\u00e1ra. Beck L\u00e1szl\u00f3 int\u00e9zm\u00e9nyvezet\u0151 &nbsp; A k\u00f6vetkez\u0151 linkeken megtekinthet\u0151 az NTP Lipt\u00f3di T\u00e1borr\u00f3l k\u00e9sz\u00fclt vide\u00f3 \u00f6ssze\u00e1ll\u00edt\u00e1s \u00e9s a szakmai besz\u00e1mol\u00f3: Tov\u00e1bb a \u2026 <a class=\"continue-reading-link\" href=\"http:\/\/altisk-szederkeny.edu.hu\/weboldal\/?page_id=3258\"> Continue reading <span class=\"meta-nav\">&rarr; <\/span><\/a><\/p>\n","protected":false},"author":1,"featured_media":0,"parent":0,"menu_order":0,"comment_status":"closed","ping_status":"closed","template":"","meta":{"ngg_post_thumbnail":0},"_links":{"self":[{"href":"http:\/\/altisk-szederkeny.edu.hu\/weboldal\/index.php?rest_route=\/wp\/v2\/pages\/3258"}],"collection":[{"href":"http:\/\/altisk-szederkeny.edu.hu\/weboldal\/index.php?rest_route=\/wp\/v2\/pages"}],"about":[{"href":"http:\/\/altisk-szederkeny.edu.hu\/weboldal\/index.php?rest_route=\/wp\/v2\/types\/page"}],"author":[{"embeddable":true,"href":"http:\/\/altisk-szederkeny.edu.hu\/weboldal\/index.php?rest_route=\/wp\/v2\/users\/1"}],"replies":[{"embeddable":true,"href":"http:\/\/altisk-szederkeny.edu.hu\/weboldal\/index.php?rest_route=%2Fwp%2Fv2%2Fcomments&post=3258"}],"version-history":[{"count":5,"href":"http:\/\/altisk-szederkeny.edu.hu\/weboldal\/index.php?rest_route=\/wp\/v2\/pages\/3258\/revisions"}],"predecessor-version":[{"id":3456,"href":"http:\/\/altisk-szederkeny.edu.hu\/weboldal\/index.php?rest_route=\/wp\/v2\/pages\/3258\/revisions\/3456"}],"wp:attachment":[{"href":"http:\/\/altisk-szederkeny.edu.hu\/weboldal\/index.php?rest_route=%2Fwp%2Fv2%2Fmedia&parent=3258"}],"curies":[{"name":"wp","href":"https:\/\/api.w.org\/{rel}","templated":true}]}}