{"id":3055,"date":"2021-11-19T09:22:51","date_gmt":"2021-11-19T08:22:51","guid":{"rendered":"http:\/\/altisk-szederkeny.sulinet.hu\/weboldal\/?page_id=3055"},"modified":"2021-11-22T12:20:20","modified_gmt":"2021-11-22T11:20:20","slug":"2021-2022-es-tanev","status":"publish","type":"page","link":"http:\/\/altisk-szederkeny.edu.hu\/weboldal\/?page_id=3055","title":{"rendered":"2021\/2022-es tan\u00e9v"},"content":{"rendered":"\n<div class=\"ngg-albumoverview default-view\">\n            <div class=\"ngg-album\">\n            <div class=\"ngg-albumcontent\">\n                <div class=\"ngg-thumbnail\">\n                    <a class='gallery_link' href='http:\/\/altisk-szederkeny.edu.hu\/weboldal\/index.php\/nggallery\/2021-2022-es-tanev\/lippoi-szovegerto-verseny?page_id=3055'>\n                        <img class=\"Thumb\"\n                             alt=\"Lipp\u00f3i sz\u00f6veg\u00e9rt\u0151 verseny\"\n                             src=\"http:\/\/altisk-szederkeny.edu.hu\/weboldal\/wp-content\/gallery\/lippoi-szovegerto-verseny\/cache\/20220512_160727.jpg-nggid041149-ngg0dyn-91x68-00f0w010c011r110f110r010t010.jpg\"\/>\n                    <\/a>\n                <\/div>\n                <div class=\"ngg-albumtitle\">\n                  <a class='gallery_link' href='http:\/\/altisk-szederkeny.edu.hu\/weboldal\/index.php\/nggallery\/2021-2022-es-tanev\/lippoi-szovegerto-verseny?page_id=3055'>Lipp\u00f3i sz\u00f6veg\u00e9rt\u0151 verseny<\/a>\n                <\/div>\n                <div class=\"ngg-description\">\n                    <p>2022. m\u00e1jus  12-\u00e9n rendezte meg a Lipp\u00f3i G\u00e1rdonyi G\u00e9za \u00c1ltal\u00e1nos Iskola a hagyom\u00e1nyos sz\u00f6veg\u00e9rt\u0151 verseny\u00e9t. A neh\u00e9z versenyfeladatok ellen\u00e9re di\u00e1kjaink remek\u00fcl szerepeltek. \r\nEredm\u00e9nyeink:\r\nII. \u00e9vfolyam:\r\nQuell Z\u00e9n\u00f3: 1. helyezett, \r\nHoll\u00f3sy Panna 3. helyezett\r\nIII.\u00e9vfolyam: Iv\u00e1n Bianka 1. helyezett,\r\nKov\u00e1csevics Lili 3. helyezett\r\nIV. \u00e9vfolyam: Till Gr\u00e9ta 4. helyezett\r\nGratul\u00e1lunk a gyerekeknek \u00e9s a felk\u00e9sz\u00edt\u0151 tan\u00e1roknak egyar\u00e1nt!<\/p>\n                                            <p class=\"ngg-album-gallery-image-counter\"><strong>6<\/strong>&nbsp;F\u00e9nyk\u00e9p<\/p>\n                                    <\/div>\n            <\/div>\n        <\/div>\n            <div class=\"ngg-album\">\n            <div class=\"ngg-albumcontent\">\n                <div class=\"ngg-thumbnail\">\n                    <a class='gallery_link' href='http:\/\/altisk-szederkeny.edu.hu\/weboldal\/index.php\/nggallery\/2021-2022-es-tanev\/mezes-reggeli-2021?page_id=3055'>\n                        <img class=\"Thumb\"\n                             alt=\"M\u00e9zes reggeli 2021\"\n                             src=\"http:\/\/altisk-szederkeny.edu.hu\/weboldal\/wp-content\/gallery\/mezes-reggeli-2021\/cache\/IMG_20211208_1027531.jpg-nggid041129-ngg0dyn-91x68-00f0w010c011r110f110r010t010.jpg\"\/>\n                    <\/a>\n                <\/div>\n                <div class=\"ngg-albumtitle\">\n                  <a class='gallery_link' href='http:\/\/altisk-szederkeny.edu.hu\/weboldal\/index.php\/nggallery\/2021-2022-es-tanev\/mezes-reggeli-2021?page_id=3055'>M\u00e9zes reggeli 2021<\/a>\n                <\/div>\n                <div class=\"ngg-description\">\n                    <p><\/p>\n                                            <p class=\"ngg-album-gallery-image-counter\"><strong>13<\/strong>&nbsp;F\u00e9nyk\u00e9p<\/p>\n                                    <\/div>\n            <\/div>\n        <\/div>\n            <div class=\"ngg-album\">\n            <div class=\"ngg-albumcontent\">\n                <div class=\"ngg-thumbnail\">\n                    <a class='gallery_link' href='http:\/\/altisk-szederkeny.edu.hu\/weboldal\/index.php\/nggallery\/2021-2022-es-tanev\/akikre-buszkek-vagyunk-2021-22?page_id=3055'>\n                        <img class=\"Thumb\"\n                             alt=\"AKIKRE B\u00dcSZK\u00c9K VAGYUNK 2021\/22\"\n                             src=\"http:\/\/altisk-szederkeny.edu.hu\/weboldal\/wp-content\/gallery\/akikre-buszkek-vagyunk-2021-22\/cache\/image.png-nggid041127-ngg0dyn-91x68-00f0w010c011r110f110r010t010.png\"\/>\n                    <\/a>\n                <\/div>\n                <div class=\"ngg-albumtitle\">\n                  <a class='gallery_link' href='http:\/\/altisk-szederkeny.edu.hu\/weboldal\/index.php\/nggallery\/2021-2022-es-tanev\/akikre-buszkek-vagyunk-2021-22?page_id=3055'>AKIKRE B\u00dcSZK\u00c9K VAGYUNK 2021\/22<\/a>\n                <\/div>\n                <div class=\"ngg-description\">\n                    <p><\/p>\n                                            <p class=\"ngg-album-gallery-image-counter\"><strong>5<\/strong>&nbsp;F\u00e9nyk\u00e9p<\/p>\n                                    <\/div>\n            <\/div>\n        <\/div>\n        <div class='ngg-clear'><\/div><\/div>\n\n","protected":false},"excerpt":{"rendered":"","protected":false},"author":1,"featured_media":0,"parent":0,"menu_order":0,"comment_status":"closed","ping_status":"closed","template":"","meta":{"ngg_post_thumbnail":0},"_links":{"self":[{"href":"http:\/\/altisk-szederkeny.edu.hu\/weboldal\/index.php?rest_route=\/wp\/v2\/pages\/3055"}],"collection":[{"href":"http:\/\/altisk-szederkeny.edu.hu\/weboldal\/index.php?rest_route=\/wp\/v2\/pages"}],"about":[{"href":"http:\/\/altisk-szederkeny.edu.hu\/weboldal\/index.php?rest_route=\/wp\/v2\/types\/page"}],"author":[{"embeddable":true,"href":"http:\/\/altisk-szederkeny.edu.hu\/weboldal\/index.php?rest_route=\/wp\/v2\/users\/1"}],"replies":[{"embeddable":true,"href":"http:\/\/altisk-szederkeny.edu.hu\/weboldal\/index.php?rest_route=%2Fwp%2Fv2%2Fcomments&post=3055"}],"version-history":[{"count":6,"href":"http:\/\/altisk-szederkeny.edu.hu\/weboldal\/index.php?rest_route=\/wp\/v2\/pages\/3055\/revisions"}],"predecessor-version":[{"id":3383,"href":"http:\/\/altisk-szederkeny.edu.hu\/weboldal\/index.php?rest_route=\/wp\/v2\/pages\/3055\/revisions\/3383"}],"wp:attachment":[{"href":"http:\/\/altisk-szederkeny.edu.hu\/weboldal\/index.php?rest_route=%2Fwp%2Fv2%2Fmedia&parent=3055"}],"curies":[{"name":"wp","href":"https:\/\/api.w.org\/{rel}","templated":true}]}}