{"id":30,"date":"2017-12-05T08:23:01","date_gmt":"2017-12-05T08:23:01","guid":{"rendered":"http:\/\/sulixerver\/weboldal\/?page_id=30"},"modified":"2018-01-03T08:46:41","modified_gmt":"2018-01-03T07:46:41","slug":"iskola-termek","status":"publish","type":"page","link":"http:\/\/altisk-szederkeny.edu.hu\/weboldal\/?page_id=30","title":{"rendered":"Iskola\/termek"},"content":{"rendered":"<!-- default-view.php -->\n<div\n\tclass=\"ngg-galleryoverview default-view  ngg-ajax-pagination-none\"\n\tid=\"ngg-gallery-c3a6d795bcc51e7e2ec0f55c2e5b2b34-1\">\n\n\t\t<!-- Thumbnails -->\n\t\t\t\t<div id=\"ngg-image-0\" class=\"ngg-gallery-thumbnail-box \" >\n\t\t\t\t        <div class=\"ngg-gallery-thumbnail\">\n            <a href=\"http:\/\/altisk-szederkeny.edu.hu\/weboldal\/wp-content\/gallery\/iskola-termek\/2.jpg\"\n               title=\"\"\n               data-src=\"http:\/\/altisk-szederkeny.edu.hu\/weboldal\/wp-content\/gallery\/iskola-termek\/2.jpg\"\n               data-thumbnail=\"http:\/\/altisk-szederkeny.edu.hu\/weboldal\/wp-content\/gallery\/iskola-termek\/thumbs\/thumbs_2.jpg\"\n               data-image-id=\"75\"\n               data-title=\"2\"\n               data-description=\"\"\n               data-image-slug=\"2\"\n               class=\"ngg-fancybox\" rel=\"c3a6d795bcc51e7e2ec0f55c2e5b2b34\">\n                <img\n                    title=\"2\"\n                    alt=\"2\"\n                    src=\"http:\/\/altisk-szederkeny.edu.hu\/weboldal\/wp-content\/gallery\/iskola-termek\/thumbs\/thumbs_2.jpg\"\n                    width=\"240\"\n                    height=\"160\"\n                    style=\"max-width:100%;\"\n                \/>\n            <\/a>\n        <\/div>\n\t\t\t\t\t\t\t<\/div> \n\t\t\t\n\t\t\t\t<div id=\"ngg-image-1\" class=\"ngg-gallery-thumbnail-box \" >\n\t\t\t\t        <div class=\"ngg-gallery-thumbnail\">\n            <a href=\"http:\/\/altisk-szederkeny.edu.hu\/weboldal\/wp-content\/gallery\/iskola-termek\/1.jpg\"\n               title=\"\"\n               data-src=\"http:\/\/altisk-szederkeny.edu.hu\/weboldal\/wp-content\/gallery\/iskola-termek\/1.jpg\"\n               data-thumbnail=\"http:\/\/altisk-szederkeny.edu.hu\/weboldal\/wp-content\/gallery\/iskola-termek\/thumbs\/thumbs_1.jpg\"\n               data-image-id=\"74\"\n               data-title=\"1\"\n               data-description=\"\"\n               data-image-slug=\"1\"\n               class=\"ngg-fancybox\" rel=\"c3a6d795bcc51e7e2ec0f55c2e5b2b34\">\n                <img\n                    title=\"1\"\n                    alt=\"1\"\n                    src=\"http:\/\/altisk-szederkeny.edu.hu\/weboldal\/wp-content\/gallery\/iskola-termek\/thumbs\/thumbs_1.jpg\"\n                    width=\"240\"\n                    height=\"160\"\n                    style=\"max-width:100%;\"\n                \/>\n            <\/a>\n        <\/div>\n\t\t\t\t\t\t\t<\/div> \n\t\t\t\n\t\t\t\t<div id=\"ngg-image-2\" class=\"ngg-gallery-thumbnail-box \" >\n\t\t\t\t        <div class=\"ngg-gallery-thumbnail\">\n            <a href=\"http:\/\/altisk-szederkeny.edu.hu\/weboldal\/wp-content\/gallery\/iskola-termek\/3.jpg\"\n               title=\"\"\n               data-src=\"http:\/\/altisk-szederkeny.edu.hu\/weboldal\/wp-content\/gallery\/iskola-termek\/3.jpg\"\n               data-thumbnail=\"http:\/\/altisk-szederkeny.edu.hu\/weboldal\/wp-content\/gallery\/iskola-termek\/thumbs\/thumbs_3.jpg\"\n               data-image-id=\"76\"\n               data-title=\"3\"\n               data-description=\"\"\n               data-image-slug=\"3\"\n               class=\"ngg-fancybox\" rel=\"c3a6d795bcc51e7e2ec0f55c2e5b2b34\">\n                <img\n                    title=\"3\"\n                    alt=\"3\"\n                    src=\"http:\/\/altisk-szederkeny.edu.hu\/weboldal\/wp-content\/gallery\/iskola-termek\/thumbs\/thumbs_3.jpg\"\n                    width=\"240\"\n                    height=\"160\"\n                    style=\"max-width:100%;\"\n                \/>\n            <\/a>\n        <\/div>\n\t\t\t\t\t\t\t<\/div> \n\t\t\t\n\t\n\t<br style=\"clear: both\" \/>\n\n\t\t<div class=\"slideshowlink\">\n        <a href='http:\/\/altisk-szederkeny.edu.hu\/weboldal\/index.php\/nggallery\/slideshow?page_id=30'>&#091;Diavet\u00edt\u00e9s ind\u00edt\u00e1sa&#093;<\/a>\n\t\t\n\t<\/div>\n\t\n\t\t<!-- Pagination -->\n\t<div class='ngg-clear'><\/div>\t<\/div>\n\n","protected":false},"excerpt":{"rendered":"","protected":false},"author":1,"featured_media":0,"parent":0,"menu_order":0,"comment_status":"closed","ping_status":"closed","template":"","meta":{"ngg_post_thumbnail":0},"_links":{"self":[{"href":"http:\/\/altisk-szederkeny.edu.hu\/weboldal\/index.php?rest_route=\/wp\/v2\/pages\/30"}],"collection":[{"href":"http:\/\/altisk-szederkeny.edu.hu\/weboldal\/index.php?rest_route=\/wp\/v2\/pages"}],"about":[{"href":"http:\/\/altisk-szederkeny.edu.hu\/weboldal\/index.php?rest_route=\/wp\/v2\/types\/page"}],"author":[{"embeddable":true,"href":"http:\/\/altisk-szederkeny.edu.hu\/weboldal\/index.php?rest_route=\/wp\/v2\/users\/1"}],"replies":[{"embeddable":true,"href":"http:\/\/altisk-szederkeny.edu.hu\/weboldal\/index.php?rest_route=%2Fwp%2Fv2%2Fcomments&post=30"}],"version-history":[{"count":2,"href":"http:\/\/altisk-szederkeny.edu.hu\/weboldal\/index.php?rest_route=\/wp\/v2\/pages\/30\/revisions"}],"predecessor-version":[{"id":333,"href":"http:\/\/altisk-szederkeny.edu.hu\/weboldal\/index.php?rest_route=\/wp\/v2\/pages\/30\/revisions\/333"}],"wp:attachment":[{"href":"http:\/\/altisk-szederkeny.edu.hu\/weboldal\/index.php?rest_route=%2Fwp%2Fv2%2Fmedia&parent=30"}],"curies":[{"name":"wp","href":"https:\/\/api.w.org\/{rel}","templated":true}]}}