{"id":2875,"date":"2020-09-18T11:56:45","date_gmt":"2020-09-18T09:56:45","guid":{"rendered":"http:\/\/altisk-szederkeny.sulinet.hu\/weboldal\/?page_id=2875"},"modified":"2024-09-24T11:15:40","modified_gmt":"2024-09-24T09:15:40","slug":"elerhetoseg","status":"publish","type":"page","link":"http:\/\/altisk-szederkeny.edu.hu\/weboldal\/?page_id=2875","title":{"rendered":"El\u00e9rhet\u0151s\u00e9g"},"content":{"rendered":"\n<p class=\"has-medium-font-size\"><strong>Int\u00e9zm\u00e9ny neve: Szederk\u00e9nyi \u00c1ltal\u00e1nos Iskola \/ Grundschule von Surgetin<\/strong><\/p>\n\n\n\n<p class=\"has-medium-font-size\"><strong>Int\u00e9zm\u00e9ny c\u00edme: 7751 Szederk\u00e9ny, P\u00e9csi \u00fat 19.<\/strong><\/p>\n\n\n\n<div class=\"wp-block-columns alignfull has-text-color is-layout-flex wp-container-4\" style=\"color:#000000\">\n<div class=\"wp-block-column is-layout-flow\" style=\"flex-basis:260px\">\n<h2 class=\"wp-block-heading\" style=\"font-size:24px;line-height:1.3\"><strong><strong>Int\u00e9zm\u00e9nyvezet\u0151<\/strong><\/strong><\/h2>\n\n\n\n<p><strong>K\u00e1llai Csilla<\/strong><\/p>\n\n\n\n<p><strong>Mobil: +36 30 829 6712<\/strong><\/p>\n\n\n\n<p><strong>e-mail: szederkeny.intvezeto@mohacsitk.hu<\/strong><\/p>\n<\/div>\n\n\n\n<div class=\"wp-block-column is-layout-flow\" style=\"flex-basis:250px\">\n<h2 class=\"wp-block-heading\" style=\"font-size:24px;line-height:1.3\"><strong>Iskolatitk\u00e1r<\/strong><\/h2>\n\n\n\n<p><strong>Ritzl-Gr\u00e1cz Edit<\/strong><\/p>\n\n\n\n<p><strong>Mobil: +36 30 829 6746<\/strong><\/p>\n\n\n\n<p><strong>e-mail: szederkeny.iskola@mohacsitk.hu<\/strong><\/p>\n<\/div>\n\n\n\n<div class=\"wp-block-column is-layout-flow\">\n<h2 class=\"wp-block-heading\" style=\"font-size:24px;line-height:1.3\"><strong>Tan\u00e1ri<\/strong><\/h2>\n\n\n\n<p><strong>Mobil: +36 30 340 3590<\/strong><\/p>\n<\/div>\n<\/div>\n\n\n\n<p><iframe loading=\"lazy\" style=\"border: 0;\" src=\"https:\/\/www.google.com\/maps\/embed?pb=!1m18!1m12!1m3!1d2771.7012611765235!2d18.454055315822796!3d45.99719370574054!2m3!1f0!2f0!3f0!3m2!1i1024!2i768!4f13.1!3m3!1m2!1s0x4742cb8b25b20dcb%3A0xe21046a4af3e6165!2zSXNrb2xhLCDDgWx0YWzDoW5vcw!5e0!3m2!1shu!2shu!4v1512464500039\" width=\"900\" height=\"200\" frameborder=\"0\" allowfullscreen=\"allowfullscreen\"><\/iframe><\/p>\n","protected":false},"excerpt":{"rendered":"<p>Int\u00e9zm\u00e9ny neve: Szederk\u00e9nyi \u00c1ltal\u00e1nos Iskola \/ Grundschule von Surgetin Int\u00e9zm\u00e9ny c\u00edme: 7751 Szederk\u00e9ny, P\u00e9csi \u00fat 19. Int\u00e9zm\u00e9nyvezet\u0151 K\u00e1llai Csilla Mobil: +36 30 829 6712 e-mail: szederkeny.intvezeto@mohacsitk.hu Iskolatitk\u00e1r Ritzl-Gr\u00e1cz Edit Mobil: +36 30 829 6746 e-mail: szederkeny.iskola@mohacsitk.hu Tan\u00e1ri Mobil: +36 30 340 3590<\/p>\n","protected":false},"author":1,"featured_media":0,"parent":0,"menu_order":0,"comment_status":"closed","ping_status":"closed","template":"","meta":{"ngg_post_thumbnail":0},"_links":{"self":[{"href":"http:\/\/altisk-szederkeny.edu.hu\/weboldal\/index.php?rest_route=\/wp\/v2\/pages\/2875"}],"collection":[{"href":"http:\/\/altisk-szederkeny.edu.hu\/weboldal\/index.php?rest_route=\/wp\/v2\/pages"}],"about":[{"href":"http:\/\/altisk-szederkeny.edu.hu\/weboldal\/index.php?rest_route=\/wp\/v2\/types\/page"}],"author":[{"embeddable":true,"href":"http:\/\/altisk-szederkeny.edu.hu\/weboldal\/index.php?rest_route=\/wp\/v2\/users\/1"}],"replies":[{"embeddable":true,"href":"http:\/\/altisk-szederkeny.edu.hu\/weboldal\/index.php?rest_route=%2Fwp%2Fv2%2Fcomments&post=2875"}],"version-history":[{"count":10,"href":"http:\/\/altisk-szederkeny.edu.hu\/weboldal\/index.php?rest_route=\/wp\/v2\/pages\/2875\/revisions"}],"predecessor-version":[{"id":3788,"href":"http:\/\/altisk-szederkeny.edu.hu\/weboldal\/index.php?rest_route=\/wp\/v2\/pages\/2875\/revisions\/3788"}],"wp:attachment":[{"href":"http:\/\/altisk-szederkeny.edu.hu\/weboldal\/index.php?rest_route=%2Fwp%2Fv2%2Fmedia&parent=2875"}],"curies":[{"name":"wp","href":"https:\/\/api.w.org\/{rel}","templated":true}]}}