{"id":28,"date":"2017-12-05T08:22:30","date_gmt":"2017-12-05T08:22:30","guid":{"rendered":"http:\/\/sulixerver\/weboldal\/?page_id=28"},"modified":"2018-01-03T08:48:59","modified_gmt":"2018-01-03T07:48:59","slug":"2017-2018-as-tanev","status":"publish","type":"page","link":"http:\/\/altisk-szederkeny.edu.hu\/weboldal\/?page_id=28","title":{"rendered":"2017\/2018-as tan\u00e9v"},"content":{"rendered":"<div class=\"ngg-albumoverview default-view\">\n            <div class=\"ngg-album\">\n            <div class=\"ngg-albumcontent\">\n                <div class=\"ngg-thumbnail\">\n                    <a class='gallery_link' href='http:\/\/altisk-szederkeny.edu.hu\/weboldal\/index.php\/nggallery\/2017-2018-as-tanev\/Trachttag?page_id=28'>\n                        <img class=\"Thumb\"\n                             alt=\"Trachttag\"\n                             src=\"http:\/\/altisk-szederkeny.edu.hu\/weboldal\/wp-content\/gallery\/trachttag\/cache\/IMG_0276.JPG-nggid03876-ngg0dyn-91x68-00f0w010c011r110f110r010t010.JPG\"\/>\n                    <\/a>\n                <\/div>\n                <div class=\"ngg-albumtitle\">\n                  <a class='gallery_link' href='http:\/\/altisk-szederkeny.edu.hu\/weboldal\/index.php\/nggallery\/2017-2018-as-tanev\/Trachttag?page_id=28'>Trachttag<\/a>\n                <\/div>\n                <div class=\"ngg-description\">\n                    <p><\/p>\n                                            <p class=\"ngg-album-gallery-image-counter\"><strong>5<\/strong>&nbsp;F\u00e9nyk\u00e9p<\/p>\n                                    <\/div>\n            <\/div>\n        <\/div>\n            <div class=\"ngg-album\">\n            <div class=\"ngg-albumcontent\">\n                <div class=\"ngg-thumbnail\">\n                    <a class='gallery_link' href='http:\/\/altisk-szederkeny.edu.hu\/weboldal\/index.php\/nggallery\/2017-2018-as-tanev\/Farsang?page_id=28'>\n                        <img class=\"Thumb\"\n                             alt=\"Farsang\"\n                             src=\"http:\/\/altisk-szederkeny.edu.hu\/weboldal\/wp-content\/gallery\/farsang\/cache\/IMG_0010.JPG-nggid03746-ngg0dyn-91x68-00f0w010c011r110f110r010t010.JPG\"\/>\n                    <\/a>\n                <\/div>\n                <div class=\"ngg-albumtitle\">\n                  <a class='gallery_link' href='http:\/\/altisk-szederkeny.edu.hu\/weboldal\/index.php\/nggallery\/2017-2018-as-tanev\/Farsang?page_id=28'>Farsang<\/a>\n                <\/div>\n                <div class=\"ngg-description\">\n                    <p><\/p>\n                                            <p class=\"ngg-album-gallery-image-counter\"><strong>96<\/strong>&nbsp;F\u00e9nyk\u00e9p<\/p>\n                                    <\/div>\n            <\/div>\n        <\/div>\n            <div class=\"ngg-album\">\n            <div class=\"ngg-albumcontent\">\n                <div class=\"ngg-thumbnail\">\n                    <a class='gallery_link' href='http:\/\/altisk-szederkeny.edu.hu\/weboldal\/index.php\/nggallery\/2017-2018-as-tanev\/Akikre-b\u00fcszk\u00e9k-vagyunk-1?page_id=28'>\n                        <img class=\"Thumb\"\n                             alt=\"Akikre b\u00fcszk\u00e9k vagyunk\"\n                             src=\"http:\/\/altisk-szederkeny.edu.hu\/weboldal\/wp-content\/gallery\/akikre-buszkek-vagyunk-1\/cache\/IMG.jpg-nggid03850-ngg0dyn-91x68-00f0w010c011r110f110r010t010.jpg\"\/>\n                    <\/a>\n                <\/div>\n                <div class=\"ngg-albumtitle\">\n                  <a class='gallery_link' href='http:\/\/altisk-szederkeny.edu.hu\/weboldal\/index.php\/nggallery\/2017-2018-as-tanev\/Akikre-b\u00fcszk\u00e9k-vagyunk-1?page_id=28'>Akikre b\u00fcszk\u00e9k vagyunk<\/a>\n                <\/div>\n                <div class=\"ngg-description\">\n                    <p><\/p>\n                                            <p class=\"ngg-album-gallery-image-counter\"><strong>25<\/strong>&nbsp;F\u00e9nyk\u00e9p<\/p>\n                                    <\/div>\n            <\/div>\n        <\/div>\n            <div class=\"ngg-album\">\n            <div class=\"ngg-albumcontent\">\n                <div class=\"ngg-thumbnail\">\n                    <a class='gallery_link' href='http:\/\/altisk-szederkeny.edu.hu\/weboldal\/index.php\/nggallery\/2017-2018-as-tanev\/Geresdlaki-kir\u00e1ndul\u00e1s?page_id=28'>\n                        <img class=\"Thumb\"\n                             alt=\"Geresdlaki kir\u00e1ndul\u00e1s\"\n                             src=\"http:\/\/altisk-szederkeny.edu.hu\/weboldal\/wp-content\/gallery\/geresdlaki-kirandulas\/cache\/IMG_20180328_085959.jpg-nggid03857-ngg0dyn-91x68-00f0w010c011r110f110r010t010.jpg\"\/>\n                    <\/a>\n                <\/div>\n                <div class=\"ngg-albumtitle\">\n                  <a class='gallery_link' href='http:\/\/altisk-szederkeny.edu.hu\/weboldal\/index.php\/nggallery\/2017-2018-as-tanev\/Geresdlaki-kir\u00e1ndul\u00e1s?page_id=28'>Geresdlaki kir\u00e1ndul\u00e1s<\/a>\n                <\/div>\n                <div class=\"ngg-description\">\n                    <p><\/p>\n                                            <p class=\"ngg-album-gallery-image-counter\"><strong>9<\/strong>&nbsp;F\u00e9nyk\u00e9p<\/p>\n                                    <\/div>\n            <\/div>\n        <\/div>\n            <div class=\"ngg-album\">\n            <div class=\"ngg-albumcontent\">\n                <div class=\"ngg-thumbnail\">\n                    <a class='gallery_link' href='http:\/\/altisk-szederkeny.edu.hu\/weboldal\/index.php\/nggallery\/2017-2018-as-tanev\/A-fogyat\u00e9kkal-\u00e9l\u0151k-\u00e9s-mi?page_id=28'>\n                        <img class=\"Thumb\"\n                             alt=\"A fogyat\u00e9kkal \u00e9l\u0151k \u00e9s mi\"\n                             src=\"http:\/\/altisk-szederkeny.edu.hu\/weboldal\/wp-content\/gallery\/a-fogyatekkal-elok-es-mi\/cache\/IMG_0019.JPG-nggid03671-ngg0dyn-91x68-00f0w010c011r110f110r010t010.JPG\"\/>\n                    <\/a>\n                <\/div>\n                <div class=\"ngg-albumtitle\">\n                  <a class='gallery_link' href='http:\/\/altisk-szederkeny.edu.hu\/weboldal\/index.php\/nggallery\/2017-2018-as-tanev\/A-fogyat\u00e9kkal-\u00e9l\u0151k-\u00e9s-mi?page_id=28'>A fogyat\u00e9kkal \u00e9l\u0151k \u00e9s mi<\/a>\n                <\/div>\n                <div class=\"ngg-description\">\n                    <p><\/p>\n                                            <p class=\"ngg-album-gallery-image-counter\"><strong>13<\/strong>&nbsp;F\u00e9nyk\u00e9p<\/p>\n                                    <\/div>\n            <\/div>\n        <\/div>\n            <div class=\"ngg-album\">\n            <div class=\"ngg-albumcontent\">\n                <div class=\"ngg-thumbnail\">\n                    <a class='gallery_link' href='http:\/\/altisk-szederkeny.edu.hu\/weboldal\/index.php\/nggallery\/2017-2018-as-tanev\/Csal\u00e1di-t\u00e1jfut\u00e1s?page_id=28'>\n                        <img class=\"Thumb\"\n                             alt=\"Csal\u00e1di t\u00e1jfut\u00e1s\"\n                             src=\"http:\/\/altisk-szederkeny.edu.hu\/weboldal\/wp-content\/gallery\/csaladi-tajfutas\/cache\/IMG_20171020_161852.jpg-nggid03656-ngg0dyn-91x68-00f0w010c011r110f110r010t010.jpg\"\/>\n                    <\/a>\n                <\/div>\n                <div class=\"ngg-albumtitle\">\n                  <a class='gallery_link' href='http:\/\/altisk-szederkeny.edu.hu\/weboldal\/index.php\/nggallery\/2017-2018-as-tanev\/Csal\u00e1di-t\u00e1jfut\u00e1s?page_id=28'>Csal\u00e1di t\u00e1jfut\u00e1s<\/a>\n                <\/div>\n                <div class=\"ngg-description\">\n                    <p><\/p>\n                                            <p class=\"ngg-album-gallery-image-counter\"><strong>15<\/strong>&nbsp;F\u00e9nyk\u00e9p<\/p>\n                                    <\/div>\n            <\/div>\n        <\/div>\n            <div class=\"ngg-album\">\n            <div class=\"ngg-albumcontent\">\n                <div class=\"ngg-thumbnail\">\n                    <a class='gallery_link' href='http:\/\/altisk-szederkeny.edu.hu\/weboldal\/index.php\/nggallery\/2017-2018-as-tanev\/Te-szedd!?page_id=28'>\n                        <img class=\"Thumb\"\n                             alt=\"Te szedd!\"\n                             src=\"http:\/\/altisk-szederkeny.edu.hu\/weboldal\/wp-content\/gallery\/te-szedd\/cache\/20170914_121532.jpg-nggid03633-ngg0dyn-91x68-00f0w010c011r110f110r010t010.jpg\"\/>\n                    <\/a>\n                <\/div>\n                <div class=\"ngg-albumtitle\">\n                  <a class='gallery_link' href='http:\/\/altisk-szederkeny.edu.hu\/weboldal\/index.php\/nggallery\/2017-2018-as-tanev\/Te-szedd!?page_id=28'>Te szedd!<\/a>\n                <\/div>\n                <div class=\"ngg-description\">\n                    <p><\/p>\n                                            <p class=\"ngg-album-gallery-image-counter\"><strong>6<\/strong>&nbsp;F\u00e9nyk\u00e9p<\/p>\n                                    <\/div>\n            <\/div>\n        <\/div>\n            <div class=\"ngg-album\">\n            <div class=\"ngg-albumcontent\">\n                <div class=\"ngg-thumbnail\">\n                    <a class='gallery_link' href='http:\/\/altisk-szederkeny.edu.hu\/weboldal\/index.php\/nggallery\/2017-2018-as-tanev\/Feked---n\u00e9met-projektnap?page_id=28'>\n                        <img class=\"Thumb\"\n                             alt=\"Feked - n\u00e9met projektnap\"\n                             src=\"http:\/\/altisk-szederkeny.edu.hu\/weboldal\/wp-content\/gallery\/feked-nemet-projektnap\/cache\/DSCF6922.JPG-nggid03639-ngg0dyn-91x68-00f0w010c011r110f110r010t010.JPG\"\/>\n                    <\/a>\n                <\/div>\n                <div class=\"ngg-albumtitle\">\n                  <a class='gallery_link' href='http:\/\/altisk-szederkeny.edu.hu\/weboldal\/index.php\/nggallery\/2017-2018-as-tanev\/Feked---n\u00e9met-projektnap?page_id=28'>Feked - n\u00e9met projektnap<\/a>\n                <\/div>\n                <div class=\"ngg-description\">\n                    <p><\/p>\n                                            <p class=\"ngg-album-gallery-image-counter\"><strong>11<\/strong>&nbsp;F\u00e9nyk\u00e9p<\/p>\n                                    <\/div>\n            <\/div>\n        <\/div>\n            <div class=\"ngg-album\">\n            <div class=\"ngg-albumcontent\">\n                <div class=\"ngg-thumbnail\">\n                    <a class='gallery_link' href='http:\/\/altisk-szederkeny.edu.hu\/weboldal\/index.php\/nggallery\/2017-2018-as-tanev\/\u0150szi-d\u00edsz\u00edt\u00e9s?page_id=28'>\n                        <img class=\"Thumb\"\n                             alt=\"\u0150szi d\u00edsz\u00edt\u00e9s\"\n                             src=\"http:\/\/altisk-szederkeny.edu.hu\/weboldal\/wp-content\/gallery\/oszi-diszites\/cache\/DSCF7007.JPG-nggid03650-ngg0dyn-91x68-00f0w010c011r110f110r010t010.JPG\"\/>\n                    <\/a>\n                <\/div>\n                <div class=\"ngg-albumtitle\">\n                  <a class='gallery_link' href='http:\/\/altisk-szederkeny.edu.hu\/weboldal\/index.php\/nggallery\/2017-2018-as-tanev\/\u0150szi-d\u00edsz\u00edt\u00e9s?page_id=28'>\u0150szi d\u00edsz\u00edt\u00e9s<\/a>\n                <\/div>\n                <div class=\"ngg-description\">\n                    <p><\/p>\n                                            <p class=\"ngg-album-gallery-image-counter\"><strong>6<\/strong>&nbsp;F\u00e9nyk\u00e9p<\/p>\n                                    <\/div>\n            <\/div>\n        <\/div>\n        <div class='ngg-clear'><\/div><\/div>\n\n","protected":false},"excerpt":{"rendered":"","protected":false},"author":1,"featured_media":0,"parent":0,"menu_order":0,"comment_status":"closed","ping_status":"closed","template":"","meta":{"ngg_post_thumbnail":0},"_links":{"self":[{"href":"http:\/\/altisk-szederkeny.edu.hu\/weboldal\/index.php?rest_route=\/wp\/v2\/pages\/28"}],"collection":[{"href":"http:\/\/altisk-szederkeny.edu.hu\/weboldal\/index.php?rest_route=\/wp\/v2\/pages"}],"about":[{"href":"http:\/\/altisk-szederkeny.edu.hu\/weboldal\/index.php?rest_route=\/wp\/v2\/types\/page"}],"author":[{"embeddable":true,"href":"http:\/\/altisk-szederkeny.edu.hu\/weboldal\/index.php?rest_route=\/wp\/v2\/users\/1"}],"replies":[{"embeddable":true,"href":"http:\/\/altisk-szederkeny.edu.hu\/weboldal\/index.php?rest_route=%2Fwp%2Fv2%2Fcomments&post=28"}],"version-history":[{"count":2,"href":"http:\/\/altisk-szederkeny.edu.hu\/weboldal\/index.php?rest_route=\/wp\/v2\/pages\/28\/revisions"}],"predecessor-version":[{"id":334,"href":"http:\/\/altisk-szederkeny.edu.hu\/weboldal\/index.php?rest_route=\/wp\/v2\/pages\/28\/revisions\/334"}],"wp:attachment":[{"href":"http:\/\/altisk-szederkeny.edu.hu\/weboldal\/index.php?rest_route=%2Fwp%2Fv2%2Fmedia&parent=28"}],"curies":[{"name":"wp","href":"https:\/\/api.w.org\/{rel}","templated":true}]}}