{"id":2700,"date":"2019-10-24T14:06:19","date_gmt":"2019-10-24T12:06:19","guid":{"rendered":"http:\/\/altisk-szederkeny.sulinet.hu\/weboldal\/?page_id=2700"},"modified":"2019-10-24T14:09:10","modified_gmt":"2019-10-24T12:09:10","slug":"2019-2020-as-tanev","status":"publish","type":"page","link":"http:\/\/altisk-szederkeny.edu.hu\/weboldal\/?page_id=2700","title":{"rendered":"2019\/2020-as tan\u00e9v"},"content":{"rendered":"\n<div class=\"ngg-albumoverview default-view\">\n            <div class=\"ngg-album\">\n            <div class=\"ngg-albumcontent\">\n                <div class=\"ngg-thumbnail\">\n                    <a class='gallery_link' href='http:\/\/altisk-szederkeny.edu.hu\/weboldal\/index.php\/nggallery\/2019-2020-as-tanev\/akikre-buszkek-vagyunk-2020?page_id=2700'>\n                        <img class=\"Thumb\"\n                             alt=\"AKIKRE B\u00dcSZK\u00c9K VAGYUNK\"\n                             src=\"http:\/\/altisk-szederkeny.edu.hu\/weboldal\/wp-content\/gallery\/akikre-buszkek-vagyunk-2019\/cache\/IMG_20200302_143009.jpg-nggid041092-ngg0dyn-91x68-00f0w010c011r110f110r010t010.jpg\"\/>\n                    <\/a>\n                <\/div>\n                <div class=\"ngg-albumtitle\">\n                  <a class='gallery_link' href='http:\/\/altisk-szederkeny.edu.hu\/weboldal\/index.php\/nggallery\/2019-2020-as-tanev\/akikre-buszkek-vagyunk-2020?page_id=2700'>AKIKRE B\u00dcSZK\u00c9K VAGYUNK<\/a>\n                <\/div>\n                <div class=\"ngg-description\">\n                    <p><\/p>\n                                            <p class=\"ngg-album-gallery-image-counter\"><strong>2<\/strong>&nbsp;F\u00e9nyk\u00e9p<\/p>\n                                    <\/div>\n            <\/div>\n        <\/div>\n            <div class=\"ngg-album\">\n            <div class=\"ngg-albumcontent\">\n                <div class=\"ngg-thumbnail\">\n                    <a class='gallery_link' href='http:\/\/altisk-szederkeny.edu.hu\/weboldal\/index.php\/nggallery\/2019-2020-as-tanev\/L\u00e1btoll-labda-Tini-kupa?page_id=2700'>\n                        <img class=\"Thumb\"\n                             alt=\"L\u00e1btoll-labda Tini kupa\"\n                             src=\"http:\/\/altisk-szederkeny.edu.hu\/weboldal\/wp-content\/gallery\/labtoll-labda-tini-kupa\/cache\/IMG_E6820.JPG-nggid041084-ngg0dyn-91x68-00f0w010c011r110f110r010t010.JPG\"\/>\n                    <\/a>\n                <\/div>\n                <div class=\"ngg-albumtitle\">\n                  <a class='gallery_link' href='http:\/\/altisk-szederkeny.edu.hu\/weboldal\/index.php\/nggallery\/2019-2020-as-tanev\/L\u00e1btoll-labda-Tini-kupa?page_id=2700'>L\u00e1btoll-labda Tini kupa<\/a>\n                <\/div>\n                <div class=\"ngg-description\">\n                    <p><\/p>\n                                            <p class=\"ngg-album-gallery-image-counter\"><strong>8<\/strong>&nbsp;F\u00e9nyk\u00e9p<\/p>\n                                    <\/div>\n            <\/div>\n        <\/div>\n            <div class=\"ngg-album\">\n            <div class=\"ngg-albumcontent\">\n                <div class=\"ngg-thumbnail\">\n                    <a class='gallery_link' href='http:\/\/altisk-szederkeny.edu.hu\/weboldal\/index.php\/nggallery\/2019-2020-as-tanev\/Gyermekhangok-a-b\u00e9k\u00e9\u00e9rt-koncert?page_id=2700'>\n                        <img class=\"Thumb\"\n                             alt=\"&quot;Gyermekhangok a b\u00e9k\u00e9\u00e9rt&quot; koncert\"\n                             src=\"http:\/\/altisk-szederkeny.edu.hu\/weboldal\/wp-content\/gallery\/gyermekhangok-a-bekeert-koncert\/cache\/MC1_8640.jpg-nggid041074-ngg0dyn-91x68-00f0w010c011r110f110r010t010.jpg\"\/>\n                    <\/a>\n                <\/div>\n                <div class=\"ngg-albumtitle\">\n                  <a class='gallery_link' href='http:\/\/altisk-szederkeny.edu.hu\/weboldal\/index.php\/nggallery\/2019-2020-as-tanev\/Gyermekhangok-a-b\u00e9k\u00e9\u00e9rt-koncert?page_id=2700'>\"Gyermekhangok a b\u00e9k\u00e9\u00e9rt\" koncert<\/a>\n                <\/div>\n                <div class=\"ngg-description\">\n                    <p><\/p>\n                                            <p class=\"ngg-album-gallery-image-counter\"><strong>10<\/strong>&nbsp;F\u00e9nyk\u00e9p<\/p>\n                                    <\/div>\n            <\/div>\n        <\/div>\n        <div class='ngg-clear'><\/div><\/div>\n\n","protected":false},"excerpt":{"rendered":"","protected":false},"author":1,"featured_media":0,"parent":0,"menu_order":0,"comment_status":"closed","ping_status":"closed","template":"","meta":{"ngg_post_thumbnail":0},"_links":{"self":[{"href":"http:\/\/altisk-szederkeny.edu.hu\/weboldal\/index.php?rest_route=\/wp\/v2\/pages\/2700"}],"collection":[{"href":"http:\/\/altisk-szederkeny.edu.hu\/weboldal\/index.php?rest_route=\/wp\/v2\/pages"}],"about":[{"href":"http:\/\/altisk-szederkeny.edu.hu\/weboldal\/index.php?rest_route=\/wp\/v2\/types\/page"}],"author":[{"embeddable":true,"href":"http:\/\/altisk-szederkeny.edu.hu\/weboldal\/index.php?rest_route=\/wp\/v2\/users\/1"}],"replies":[{"embeddable":true,"href":"http:\/\/altisk-szederkeny.edu.hu\/weboldal\/index.php?rest_route=%2Fwp%2Fv2%2Fcomments&post=2700"}],"version-history":[{"count":2,"href":"http:\/\/altisk-szederkeny.edu.hu\/weboldal\/index.php?rest_route=\/wp\/v2\/pages\/2700\/revisions"}],"predecessor-version":[{"id":2703,"href":"http:\/\/altisk-szederkeny.edu.hu\/weboldal\/index.php?rest_route=\/wp\/v2\/pages\/2700\/revisions\/2703"}],"wp:attachment":[{"href":"http:\/\/altisk-szederkeny.edu.hu\/weboldal\/index.php?rest_route=%2Fwp%2Fv2%2Fmedia&parent=2700"}],"curies":[{"name":"wp","href":"https:\/\/api.w.org\/{rel}","templated":true}]}}