{"id":2293,"date":"2018-09-10T12:52:49","date_gmt":"2018-09-10T10:52:49","guid":{"rendered":"http:\/\/altisk-szederkeny.sulinet.hu\/weboldal\/?page_id=2293"},"modified":"2018-09-10T12:52:49","modified_gmt":"2018-09-10T10:52:49","slug":"2018-2019-es-tanev","status":"publish","type":"page","link":"http:\/\/altisk-szederkeny.edu.hu\/weboldal\/?page_id=2293","title":{"rendered":"2018\/2019-es tan\u00e9v"},"content":{"rendered":"<div class=\"ngg-albumoverview default-view\">\n            <div class=\"ngg-album\">\n            <div class=\"ngg-albumcontent\">\n                <div class=\"ngg-thumbnail\">\n                    <a class='gallery_link' href='http:\/\/altisk-szederkeny.edu.hu\/weboldal\/index.php\/nggallery\/2018-2019-es-tanev\/Hat\u00e1rtalanul!-Program-2018?page_id=2293'>\n                        <img class=\"Thumb\"\n                             alt=\"Hat\u00e1rtalanul! Program 2018\"\n                             src=\"http:\/\/altisk-szederkeny.edu.hu\/weboldal\/wp-content\/gallery\/hatartalanul-program-2018\/cache\/1774.jpg-nggid041050-ngg0dyn-91x68-00f0w010c011r110f110r010t010.jpg\"\/>\n                    <\/a>\n                <\/div>\n                <div class=\"ngg-albumtitle\">\n                  <a class='gallery_link' href='http:\/\/altisk-szederkeny.edu.hu\/weboldal\/index.php\/nggallery\/2018-2019-es-tanev\/Hat\u00e1rtalanul!-Program-2018?page_id=2293'>Hat\u00e1rtalanul! Program 2018<\/a>\n                <\/div>\n                <div class=\"ngg-description\">\n                    <p>A Hat\u00e1rtalanul! Program 2018 keret\u00e9ben megval\u00f3sult Erd\u00e9lyi kir\u00e1ndul\u00e1s k\u00e9pei a kir\u00e1ndul\u00e1son iskol\u00e1nk \u00e9s az Olaszi \u00c1ltal\u00e1nos Iskola di\u00e1kjai 42 f\u0151vel vettek r\u00e9szt.<\/p>\n                                            <p class=\"ngg-album-gallery-image-counter\"><strong>24<\/strong>&nbsp;F\u00e9nyk\u00e9p<\/p>\n                                    <\/div>\n            <\/div>\n        <\/div>\n            <div class=\"ngg-album\">\n            <div class=\"ngg-albumcontent\">\n                <div class=\"ngg-thumbnail\">\n                    <a class='gallery_link' href='http:\/\/altisk-szederkeny.edu.hu\/weboldal\/index.php\/nggallery\/2018-2019-es-tanev\/\u00c1tad\u00f3-\u00fcnnep\u00e9ly-EFOP-4.1.3.-17-program?page_id=2293'>\n                        <img class=\"Thumb\"\n                             alt=\"\u00c1tad\u00f3 \u00fcnnep\u00e9ly EFOP 4.1.3.-17 program\"\n                             src=\"http:\/\/altisk-szederkeny.edu.hu\/weboldal\/wp-content\/gallery\/atado-unnepely-efop-4-1-3-17-program\/cache\/IMG_0006.JPG-nggid041035-ngg0dyn-91x68-00f0w010c011r110f110r010t010.JPG\"\/>\n                    <\/a>\n                <\/div>\n                <div class=\"ngg-albumtitle\">\n                  <a class='gallery_link' href='http:\/\/altisk-szederkeny.edu.hu\/weboldal\/index.php\/nggallery\/2018-2019-es-tanev\/\u00c1tad\u00f3-\u00fcnnep\u00e9ly-EFOP-4.1.3.-17-program?page_id=2293'>\u00c1tad\u00f3 \u00fcnnep\u00e9ly EFOP 4.1.3.-17 program<\/a>\n                <\/div>\n                <div class=\"ngg-description\">\n                    <p>\u00c1tad\u00f3 \u00fcnnep\u00e9ly EFOP 4.1.3.-17 program\r\nSzederk\u00e9ny, 2019. \u00e1prilis 26.<\/p>\n                                            <p class=\"ngg-album-gallery-image-counter\"><strong>15<\/strong>&nbsp;F\u00e9nyk\u00e9p<\/p>\n                                    <\/div>\n            <\/div>\n        <\/div>\n            <div class=\"ngg-album\">\n            <div class=\"ngg-albumcontent\">\n                <div class=\"ngg-thumbnail\">\n                    <a class='gallery_link' href='http:\/\/altisk-szederkeny.edu.hu\/weboldal\/index.php\/nggallery\/2018-2019-es-tanev\/Farsang-2019?page_id=2293'>\n                        <img class=\"Thumb\"\n                             alt=\"Farsang 2019\"\n                             src=\"http:\/\/altisk-szederkeny.edu.hu\/weboldal\/wp-content\/gallery\/farsang-2019\/cache\/52591390_808543312858211_5043744253637820416_n.jpg-nggid03963-ngg0dyn-91x68-00f0w010c011r110f110r010t010.jpg\"\/>\n                    <\/a>\n                <\/div>\n                <div class=\"ngg-albumtitle\">\n                  <a class='gallery_link' href='http:\/\/altisk-szederkeny.edu.hu\/weboldal\/index.php\/nggallery\/2018-2019-es-tanev\/Farsang-2019?page_id=2293'>Farsang 2019<\/a>\n                <\/div>\n                <div class=\"ngg-description\">\n                    <p><\/p>\n                                            <p class=\"ngg-album-gallery-image-counter\"><strong>17<\/strong>&nbsp;F\u00e9nyk\u00e9p<\/p>\n                                    <\/div>\n            <\/div>\n        <\/div>\n            <div class=\"ngg-album\">\n            <div class=\"ngg-albumcontent\">\n                <div class=\"ngg-thumbnail\">\n                    <a class='gallery_link' href='http:\/\/altisk-szederkeny.edu.hu\/weboldal\/index.php\/nggallery\/2018-2019-es-tanev\/Elektronikai-hullad\u00e9kgy\u0171jt\u00e9s?page_id=2293'>\n                        <img class=\"Thumb\"\n                             alt=\"Elektronikai hullad\u00e9kgy\u0171jt\u00e9s\"\n                             src=\"http:\/\/altisk-szederkeny.edu.hu\/weboldal\/wp-content\/gallery\/elektronikai-hulladekgyujtes\/cache\/SKM_C22719010415260.jpg-nggid03955-ngg0dyn-91x68-00f0w010c011r110f110r010t010.jpg\"\/>\n                    <\/a>\n                <\/div>\n                <div class=\"ngg-albumtitle\">\n                  <a class='gallery_link' href='http:\/\/altisk-szederkeny.edu.hu\/weboldal\/index.php\/nggallery\/2018-2019-es-tanev\/Elektronikai-hullad\u00e9kgy\u0171jt\u00e9s?page_id=2293'>Elektronikai hullad\u00e9kgy\u0171jt\u00e9s<\/a>\n                <\/div>\n                <div class=\"ngg-description\">\n                    <p><\/p>\n                                            <p class=\"ngg-album-gallery-image-counter\"><strong>7<\/strong>&nbsp;F\u00e9nyk\u00e9p<\/p>\n                                    <\/div>\n            <\/div>\n        <\/div>\n            <div class=\"ngg-album\">\n            <div class=\"ngg-albumcontent\">\n                <div class=\"ngg-thumbnail\">\n                    <a class='gallery_link' href='http:\/\/altisk-szederkeny.edu.hu\/weboldal\/index.php\/nggallery\/2018-2019-es-tanev\/30-\u00e9ves-oszt\u00e1lytal\u00e1lkoz\u00f3?page_id=2293'>\n                        <img class=\"Thumb\"\n                             alt=\"30 \u00e9ves oszt\u00e1lytal\u00e1lkoz\u00f3\"\n                             src=\"http:\/\/altisk-szederkeny.edu.hu\/weboldal\/wp-content\/gallery\/30-eves-osztalytalalkozo\/cache\/IMG_20180908_191031.jpg-nggid03930-ngg0dyn-91x68-00f0w010c011r110f110r010t010.jpg\"\/>\n                    <\/a>\n                <\/div>\n                <div class=\"ngg-albumtitle\">\n                  <a class='gallery_link' href='http:\/\/altisk-szederkeny.edu.hu\/weboldal\/index.php\/nggallery\/2018-2019-es-tanev\/30-\u00e9ves-oszt\u00e1lytal\u00e1lkoz\u00f3?page_id=2293'>30 \u00e9ves oszt\u00e1lytal\u00e1lkoz\u00f3<\/a>\n                <\/div>\n                <div class=\"ngg-description\">\n                    <p><\/p>\n                                            <p class=\"ngg-album-gallery-image-counter\"><strong>3<\/strong>&nbsp;F\u00e9nyk\u00e9p<\/p>\n                                    <\/div>\n            <\/div>\n        <\/div>\n            <div class=\"ngg-album\">\n            <div class=\"ngg-albumcontent\">\n                <div class=\"ngg-thumbnail\">\n                    <a class='gallery_link' href='http:\/\/altisk-szederkeny.edu.hu\/weboldal\/index.php\/nggallery\/2018-2019-es-tanev\/akikre-buszkek-vagyunk-2018?page_id=2293'>\n                        <img class=\"Thumb\"\n                             alt=\"Akikre b\u00fcszk\u00e9k vagyunk\"\n                             src=\"http:\/\/altisk-szederkeny.edu.hu\/weboldal\/wp-content\/gallery\/akikre-buszkek-vagyunk-2018\/cache\/IMG.jpg-nggid03939-ngg0dyn-91x68-00f0w010c011r110f110r010t010.jpg\"\/>\n                    <\/a>\n                <\/div>\n                <div class=\"ngg-albumtitle\">\n                  <a class='gallery_link' href='http:\/\/altisk-szederkeny.edu.hu\/weboldal\/index.php\/nggallery\/2018-2019-es-tanev\/akikre-buszkek-vagyunk-2018?page_id=2293'>Akikre b\u00fcszk\u00e9k vagyunk<\/a>\n                <\/div>\n                <div class=\"ngg-description\">\n                    <p><\/p>\n                                            <p class=\"ngg-album-gallery-image-counter\"><strong>15<\/strong>&nbsp;F\u00e9nyk\u00e9p<\/p>\n                                    <\/div>\n            <\/div>\n        <\/div>\n        <div class='ngg-clear'><\/div><\/div>\n\n","protected":false},"excerpt":{"rendered":"","protected":false},"author":1,"featured_media":0,"parent":0,"menu_order":0,"comment_status":"closed","ping_status":"closed","template":"","meta":{"ngg_post_thumbnail":0},"_links":{"self":[{"href":"http:\/\/altisk-szederkeny.edu.hu\/weboldal\/index.php?rest_route=\/wp\/v2\/pages\/2293"}],"collection":[{"href":"http:\/\/altisk-szederkeny.edu.hu\/weboldal\/index.php?rest_route=\/wp\/v2\/pages"}],"about":[{"href":"http:\/\/altisk-szederkeny.edu.hu\/weboldal\/index.php?rest_route=\/wp\/v2\/types\/page"}],"author":[{"embeddable":true,"href":"http:\/\/altisk-szederkeny.edu.hu\/weboldal\/index.php?rest_route=\/wp\/v2\/users\/1"}],"replies":[{"embeddable":true,"href":"http:\/\/altisk-szederkeny.edu.hu\/weboldal\/index.php?rest_route=%2Fwp%2Fv2%2Fcomments&post=2293"}],"version-history":[{"count":1,"href":"http:\/\/altisk-szederkeny.edu.hu\/weboldal\/index.php?rest_route=\/wp\/v2\/pages\/2293\/revisions"}],"predecessor-version":[{"id":2294,"href":"http:\/\/altisk-szederkeny.edu.hu\/weboldal\/index.php?rest_route=\/wp\/v2\/pages\/2293\/revisions\/2294"}],"wp:attachment":[{"href":"http:\/\/altisk-szederkeny.edu.hu\/weboldal\/index.php?rest_route=%2Fwp%2Fv2%2Fmedia&parent=2293"}],"curies":[{"name":"wp","href":"https:\/\/api.w.org\/{rel}","templated":true}]}}