{"id":1644,"date":"2018-01-22T09:07:00","date_gmt":"2018-01-22T08:07:00","guid":{"rendered":"http:\/\/altisk-szederkeny.sulinet.hu\/weboldal\/?page_id=1644"},"modified":"2018-01-22T09:07:00","modified_gmt":"2018-01-22T08:07:00","slug":"deutsche-einfuhrung","status":"publish","type":"page","link":"http:\/\/altisk-szederkeny.edu.hu\/weboldal\/?page_id=1644","title":{"rendered":"Deutsche Einf\u00fchrung"},"content":{"rendered":"<p style=\"text-align: justify;\"><strong>Wir sind eine Grundschule, das hei\u00dft, dass bei uns die Kinder von 6 bis 14 lernen, die Unterstufe von 6 bis 10 (Volksschule), und die Oberstufe von 10 bis 14 (Hauptschule-Neue Mittelschule). Zu unserer Schule geh\u00f6ren noch drei Volksschulen.<\/strong><\/p>\n<p>&nbsp;<\/p>\n<p style=\"text-align: justify;\"><strong>In jedem Jahrgang haben wir eine Klasse, die Klassenzahle sind zwischen 13 und 28.<\/strong><\/p>\n<p>&nbsp;<\/p>\n<p style=\"text-align: justify;\"><strong>Sehr viele Sch\u00fcler kommen aus anderen D\u00f6rfern, aus 12 Gemeinden.<\/strong><\/p>\n<p>&nbsp;<\/p>\n<p style=\"text-align: justify;\"><strong>Die gesamte Sch\u00fclerzahl betr\u00e4gt 169, hier arbeiten 17 Lehrer\/innen.<\/strong><\/p>\n<p>&nbsp;<\/p>\n<p style=\"text-align: justify;\"><strong>Wir unterrichten Deutsch als Nationalit\u00e4tensprache, w\u00f6chentlich in 5 Unterrichtsstunden (bei gr\u00f6\u00dferen Klassenzahl sind die Sch\u00fcler in Leistungsgruppen geteilt), au\u00dferdem haben wir jede Woche eine deutsche Volkskundenstunde.<\/strong><\/p>\n<p>&nbsp;<\/p>\n<p style=\"text-align: justify;\"><strong>Unsere Sch\u00fcler nehmen an verschiedenen Wettbewerben in Deutsch teil, viele lernen in Nationalit\u00e4ten- &nbsp;oder zweisprachigen Mittelschulen weiter.<\/strong><\/p>\n<p>&nbsp;<\/p>\n<p style=\"text-align: justify;\"><strong>Neben dem niveauvollen Unterricht k\u00f6nnen unsere Kinder an Musik-, Sport-, oder Handarbeit- Besch\u00e4ftigungen teilnehmen.<\/strong><\/p>\n","protected":false},"excerpt":{"rendered":"<p>Wir sind eine Grundschule, das hei\u00dft, dass bei uns die Kinder von 6 bis 14 lernen, die Unterstufe von 6 bis 10 (Volksschule), und die Oberstufe von 10 bis 14 (Hauptschule-Neue Mittelschule). Zu unserer Schule geh\u00f6ren noch drei Volksschulen. &nbsp; In jedem Jahrgang haben wir eine Klasse, die Klassenzahle sind \u2026 <a class=\"continue-reading-link\" href=\"http:\/\/altisk-szederkeny.edu.hu\/weboldal\/?page_id=1644\"> Continue reading <span class=\"meta-nav\">&rarr; <\/span><\/a><\/p>\n","protected":false},"author":1,"featured_media":0,"parent":0,"menu_order":0,"comment_status":"closed","ping_status":"closed","template":"","meta":{"ngg_post_thumbnail":0},"_links":{"self":[{"href":"http:\/\/altisk-szederkeny.edu.hu\/weboldal\/index.php?rest_route=\/wp\/v2\/pages\/1644"}],"collection":[{"href":"http:\/\/altisk-szederkeny.edu.hu\/weboldal\/index.php?rest_route=\/wp\/v2\/pages"}],"about":[{"href":"http:\/\/altisk-szederkeny.edu.hu\/weboldal\/index.php?rest_route=\/wp\/v2\/types\/page"}],"author":[{"embeddable":true,"href":"http:\/\/altisk-szederkeny.edu.hu\/weboldal\/index.php?rest_route=\/wp\/v2\/users\/1"}],"replies":[{"embeddable":true,"href":"http:\/\/altisk-szederkeny.edu.hu\/weboldal\/index.php?rest_route=%2Fwp%2Fv2%2Fcomments&post=1644"}],"version-history":[{"count":6,"href":"http:\/\/altisk-szederkeny.edu.hu\/weboldal\/index.php?rest_route=\/wp\/v2\/pages\/1644\/revisions"}],"predecessor-version":[{"id":1650,"href":"http:\/\/altisk-szederkeny.edu.hu\/weboldal\/index.php?rest_route=\/wp\/v2\/pages\/1644\/revisions\/1650"}],"wp:attachment":[{"href":"http:\/\/altisk-szederkeny.edu.hu\/weboldal\/index.php?rest_route=%2Fwp%2Fv2%2Fmedia&parent=1644"}],"curies":[{"name":"wp","href":"https:\/\/api.w.org\/{rel}","templated":true}]}}