{"id":16,"date":"2017-12-05T08:18:16","date_gmt":"2017-12-05T08:18:16","guid":{"rendered":"http:\/\/sulixerver\/weboldal\/?page_id=16"},"modified":"2025-09-18T17:33:21","modified_gmt":"2025-09-18T15:33:21","slug":"kezdolap","status":"publish","type":"page","link":"http:\/\/altisk-szederkeny.edu.hu\/weboldal\/","title":{"rendered":"Kezd\u0151lap"},"content":{"rendered":"\n<h1 class=\"wp-block-heading\">Sz\u00e9khely int\u00e9zm\u00e9ny<\/h1>\n\n\n<div class=\"wp-block-image\">\n<figure class=\"aligncenter size-medium\"><img decoding=\"async\" loading=\"lazy\" width=\"300\" height=\"225\" src=\"http:\/\/altisk-szederkeny.edu.hu\/weboldal\/wp-content\/uploads\/3-300x225.jpg\" alt=\"\" class=\"wp-image-3284\" srcset=\"http:\/\/altisk-szederkeny.edu.hu\/weboldal\/wp-content\/uploads\/3-300x225.jpg 300w, http:\/\/altisk-szederkeny.edu.hu\/weboldal\/wp-content\/uploads\/3-600x450.jpg 600w, http:\/\/altisk-szederkeny.edu.hu\/weboldal\/wp-content\/uploads\/3-150x113.jpg 150w, http:\/\/altisk-szederkeny.edu.hu\/weboldal\/wp-content\/uploads\/3-200x150.jpg 200w, http:\/\/altisk-szederkeny.edu.hu\/weboldal\/wp-content\/uploads\/3.jpg 640w\" sizes=\"(max-width: 300px) 100vw, 300px\" \/><figcaption class=\"wp-element-caption\"><strong>Szederk\u00e9nyi \u00c1ltal\u00e1nos Iskola<br>7751 Szederk\u00e9ny, P\u00e9csi \u00fat 19.<\/strong><br><strong>e-mail: szederkeny.intvezeto@mohacsitk.hu<\/strong><\/figcaption><\/figure><\/div>\n\n\n<h1 class=\"wp-block-heading\">Tagiskol\u00e1k<\/h1>\n\n\n<div class=\"wp-block-image\">\n<figure class=\"alignleft\"><a href=\"http:\/\/www.altisk-babarc.edu.hu\/\"><img decoding=\"async\" loading=\"lazy\" width=\"300\" height=\"225\" src=\"http:\/\/altisk-szederkeny.edu.hu\/weboldal\/wp-content\/uploads\/babarc-300x225.jpg\" alt=\"\" class=\"wp-image-76\" srcset=\"http:\/\/altisk-szederkeny.edu.hu\/weboldal\/wp-content\/uploads\/babarc-300x225.jpg 300w, http:\/\/altisk-szederkeny.edu.hu\/weboldal\/wp-content\/uploads\/babarc-200x150.jpg 200w, http:\/\/altisk-szederkeny.edu.hu\/weboldal\/wp-content\/uploads\/babarc-150x113.jpg 150w, http:\/\/altisk-szederkeny.edu.hu\/weboldal\/wp-content\/uploads\/babarc.jpg 641w\" sizes=\"(max-width: 300px) 100vw, 300px\" \/><\/a><figcaption class=\"wp-element-caption\"><strong><span style=\"font-size: 12pt;\">Szederk\u00e9nyi \u00c1ltal\u00e1nos Iskola Babarci Tagiskol\u00e1ja<br>7757 Babarc, D\u00f3zsa Gy\u00f6rgy utca 17.<br>e-mail: babarc.intvezeto@mohacsitk.hu<br>Telefon: +36 69 362 113<\/span><\/strong><\/figcaption><\/figure><\/div>\n\n<div class=\"wp-block-image\">\n<figure class=\"alignright\"><a href=\"http:\/\/www.altisk-szajk.edu.hu\/\"><img decoding=\"async\" loading=\"lazy\" width=\"300\" height=\"225\" src=\"http:\/\/altisk-szederkeny.sulinet.hu\/weboldal\/wp-content\/uploads\/szajk-300x225.jpg\" alt=\"\" class=\"wp-image-78\" srcset=\"http:\/\/altisk-szederkeny.edu.hu\/weboldal\/wp-content\/uploads\/szajk-300x225.jpg 300w, http:\/\/altisk-szederkeny.edu.hu\/weboldal\/wp-content\/uploads\/szajk-768x576.jpg 768w, http:\/\/altisk-szederkeny.edu.hu\/weboldal\/wp-content\/uploads\/szajk-1024x768.jpg 1024w, http:\/\/altisk-szederkeny.edu.hu\/weboldal\/wp-content\/uploads\/szajk-200x150.jpg 200w, http:\/\/altisk-szederkeny.edu.hu\/weboldal\/wp-content\/uploads\/szajk-150x113.jpg 150w\" sizes=\"(max-width: 300px) 100vw, 300px\" \/><\/a><figcaption class=\"wp-element-caption\"><strong><span style=\"font-size: 12pt;\">Szederk\u00e9nyi \u00c1ltal\u00e1nos Iskola Szajki Tagiskol\u00e1ja<br>7753 Szajk, Pet\u0151fi S\u00e1ndor utca 4.<br>e-mail: szajk.intvezeto@mohacsitk.hu<br>Telefon: +36 69 361 170<\/span><\/strong><\/figcaption><\/figure><\/div>","protected":false},"excerpt":{"rendered":"<p>Sz\u00e9khely int\u00e9zm\u00e9ny Tagiskol\u00e1k<\/p>\n","protected":false},"author":1,"featured_media":0,"parent":0,"menu_order":0,"comment_status":"closed","ping_status":"closed","template":"","meta":{"ngg_post_thumbnail":0},"_links":{"self":[{"href":"http:\/\/altisk-szederkeny.edu.hu\/weboldal\/index.php?rest_route=\/wp\/v2\/pages\/16"}],"collection":[{"href":"http:\/\/altisk-szederkeny.edu.hu\/weboldal\/index.php?rest_route=\/wp\/v2\/pages"}],"about":[{"href":"http:\/\/altisk-szederkeny.edu.hu\/weboldal\/index.php?rest_route=\/wp\/v2\/types\/page"}],"author":[{"embeddable":true,"href":"http:\/\/altisk-szederkeny.edu.hu\/weboldal\/index.php?rest_route=\/wp\/v2\/users\/1"}],"replies":[{"embeddable":true,"href":"http:\/\/altisk-szederkeny.edu.hu\/weboldal\/index.php?rest_route=%2Fwp%2Fv2%2Fcomments&post=16"}],"version-history":[{"count":60,"href":"http:\/\/altisk-szederkeny.edu.hu\/weboldal\/index.php?rest_route=\/wp\/v2\/pages\/16\/revisions"}],"predecessor-version":[{"id":4092,"href":"http:\/\/altisk-szederkeny.edu.hu\/weboldal\/index.php?rest_route=\/wp\/v2\/pages\/16\/revisions\/4092"}],"wp:attachment":[{"href":"http:\/\/altisk-szederkeny.edu.hu\/weboldal\/index.php?rest_route=%2Fwp%2Fv2%2Fmedia&parent=16"}],"curies":[{"name":"wp","href":"https:\/\/api.w.org\/{rel}","templated":true}]}}